{"id":5062,"date":"2023-01-25T11:09:35","date_gmt":"2023-01-25T11:09:35","guid":{"rendered":"https:\/\/www.membership-fitness.com\/spustenie-skusobnej-prevadzky\/"},"modified":"2024-09-30T08:10:52","modified_gmt":"2024-09-30T08:10:52","slug":"spustenie-skusobnej-prevadzky","status":"publish","type":"page","link":"https:\/\/www.membership-fitness.com\/sk\/spustenie-skusobnej-prevadzky\/","title":{"rendered":"Spustenie sk\u00fa\u0161obnej prev\u00e1dzky"},"content":{"rendered":"\n<div class=\"wp-block-uagb-container uagb-block-3c98d2a9 alignfull uagb-is-root-container\"><div class=\"uagb-container-inner-blocks-wrap\">\n<div class=\"wp-block-uagb-container uagb-block-1444ce1f\">\n<div class=\"wp-block-uagb-container uagb-block-80a6683b\">\n<div class=\"wp-block-uagb-advanced-heading uagb-block-2fc8a91d\"><h2 class=\"uagb-heading-text\">SPUSTITE SI BEZPLATN\u00da SK\u00da\u0160OBN\u00da VERZIU<\/h2><\/div>\n\n\n\n<div class=\"wp-block-uagb-advanced-heading uagb-block-58beda98\"><h2 class=\"uagb-heading-text\">\u017diadne z\u00e1v\u00e4zky, \u017eiadne skryt\u00e9 poplatky, vysk\u00fa\u0161ajte na\u0161u slu\u017ebu na 30 dn\u00ed zadarmo.<\/h2><\/div>\n<\/div>\n<\/div>\n<\/div><\/div>\n\n<div class=\"wp-block-uagb-container uagb-block-82b91989 alignfull uagb-is-root-container\"><div class=\"uagb-container-inner-blocks-wrap\">\n<div class=\"wp-block-uagb-container uagb-block-33067f6e\">\n<div class=\"wp-block-uagb-container uagb-block-c22ec9cc\">\n<div class=\"wp-block-uagb-advanced-heading uagb-block-170f32c2\"><h2 class=\"uagb-heading-text\">V\u0161etky v\u00fdhody na\u0161ej \u010dlenskej slu\u017eby m\u00f4\u017eete teraz vyu\u017e\u00edva\u0165 30 dn\u00ed \u00faplne zadarmo. Neexistuj\u00fa \u017eiadne skryt\u00e9 n\u00e1klady a po\u010das sk\u00fa\u0161obnej lehoty m\u00f4\u017eete slu\u017ebu kedyko\u013evek zru\u0161i\u0165. <\/h2><\/div>\n\n\n\n<div class=\"wp-block-uagb-advanced-heading uagb-block-e18b0f75\"><h2 class=\"uagb-heading-text\">Ak chcete za\u010da\u0165, jednoducho si stiahnite registra\u010dn\u00fd formul\u00e1r z ni\u017e\u0161ie uveden\u00e9ho odkazu, vypl\u0148te ho a po\u0161lite na adresu <a href=\"mailto:support@membership.com\">support@membership.com<\/a>. Po prijat\u00ed formul\u00e1ra v\u00e1m za\u0161leme pr\u00edstupov\u00e9 \u00fadaje! <\/h2><\/div>\n\n\n\n<div class=\"wp-block-uagb-advanced-heading uagb-block-8552708f\"><h2 class=\"uagb-heading-text\"><a href=\"https:\/\/www.membership-fitness.com\/wp-content\/uploads\/2024\/04\/Registration_form_EN_v001.pdf\" target=\"_blank\" rel=\"noreferrer noopener\"><\/a><a href=\"https:\/\/www.membership-fitness.com\/wp-content\/uploads\/2024\/04\/Registration_form_EN_v001.pdf\">Stiahnite si registra\u010dn\u00fd formul\u00e1r EN<\/a><\/h2><\/div>\n\n\n\n<div class=\"wp-block-uagb-advanced-heading uagb-block-18678ea5\"><h2 class=\"uagb-heading-text\"><a href=\"https:\/\/www.membership-fitness.com\/wp-content\/uploads\/2024\/04\/Registration_form_DE_v001.pdf\" target=\"_blank\" rel=\"noreferrer noopener\"><\/a><a href=\"https:\/\/www.membership-fitness.com\/wp-content\/uploads\/2024\/04\/Registration_form_DE_v001.pdf\">Stiahnite si registra\u010dn\u00fd formul\u00e1r DE<\/a><\/h2><\/div>\n\n\n\n<div class=\"wp-block-uagb-advanced-heading uagb-block-f05ece03\"><h2 class=\"uagb-heading-text\">\u010eakujeme, \u017ee ste si n\u00e1s vybrali. U\u017e sa nevieme do\u010dka\u0165, ako \u010dlenstvo zmen\u00ed va\u0161e podnikanie! <\/h2><\/div>\n<\/div>\n<\/div>\n<\/div><\/div>\n\n<div class=\"wp-block-uagb-container uagb-block-8ad74f02 alignfull uagb-is-root-container\"><div class=\"uagb-container-inner-blocks-wrap\">\n<div class=\"wp-block-uagb-container uagb-block-3c6abab6\">\n<div class=\"wp-block-uagb-container uagb-block-512f88ec\">\n<div class=\"wp-block-uagb-image aligncenter uagb-block-d5033957 wp-block-uagb-image--layout-default wp-block-uagb-image--effect-static wp-block-uagb-image--align-center\"><figure class=\"wp-block-uagb-image__figure\"><img decoding=\"async\" srcset=\"https:\/\/www.membership-fitness.com\/wp-content\/uploads\/2024\/04\/Homepage_image_03-1.jpg ,https:\/\/www.membership-fitness.com\/wp-content\/uploads\/2024\/04\/Homepage_image_03-1.jpg 780w\" sizes=\"auto, (max-width: 480px) 150px\" src=\"https:\/\/www.membership-fitness.com\/wp-content\/uploads\/2024\/04\/Homepage_image_03-1.jpg\" alt=\"\" class=\"uag-image-4283\" width=\"200\" height=\"200\" title=\"\" loading=\"lazy\"><\/figure><\/div>\n\n\n\n<div class=\"wp-block-uagb-advanced-heading uagb-block-5145ee80\"><h2 class=\"uagb-heading-text\">ST\u00c1LE SI NIE STE IST\u00cd, \u010cI JE MEMBERSHIP VHODN\u00c9 PRE V\u00c1\u0160 FITNESS PODNIK?<\/h2><\/div>\n\n\n\n<div class=\"wp-block-uagb-advanced-heading uagb-block-3387ee6a\"><h2 class=\"uagb-heading-text\">Objednajte si demo a zistite, ako m\u00f4\u017ee na\u0161a slu\u017eba posun\u00fa\u0165 va\u0161e podnikanie na nov\u00fa \u00farove\u0148!<\/h2><\/div>\n\n\n\n<div class=\"wp-block-uagb-buttons uagb-buttons__outer-wrap uagb-btn__default-btn uagb-btn-tablet__default-btn uagb-btn-mobile__medium-btn uagb-block-603b6dcd\"><div class=\"uagb-buttons__wrap uagb-buttons-layout-wrap\">\n<div class=\"wp-block-uagb-buttons-child uagb-buttons__outer-wrap uagb-block-cb0dcce2 wp-block-button is-style-outline\"><div class=\"uagb-button__wrapper\"><a class=\"uagb-buttons-repeater wp-block-button__link has-background has-text-color\" href=\"https:\/\/demo.membership-fitness.com\/\" onclick=\"return true;\" rel=\"follow noopener\" target=\"_blank\"><div class=\"uagb-button__link\">DEMO KNIHY<\/div><\/a><\/div><\/div>\n<\/div><\/div>\n<\/div>\n<\/div>\n<\/div><\/div>\n","protected":false},"excerpt":{"rendered":"<p>SPUSTITE SI BEZPLATN\u00da SK\u00da\u0160OBN\u00da VERZIU \u017diadne z\u00e1v\u00e4zky, \u017eiadne skryt\u00e9 poplatky, vysk\u00fa\u0161ajte na\u0161u slu\u017ebu na 30 dn\u00ed zadarmo. V\u0161etky v\u00fdhody na\u0161ej \u010dlenskej slu\u017eby m\u00f4\u017eete teraz vyu\u017e\u00edva\u0165 30 dn\u00ed \u00faplne zadarmo. Neexistuj\u00fa \u017eiadne skryt\u00e9 n\u00e1klady a po\u010das sk\u00fa\u0161obnej lehoty m\u00f4\u017eete slu\u017ebu kedyko\u013evek zru\u0161i\u0165. Ak chcete za\u010da\u0165, jednoducho si stiahnite registra\u010dn\u00fd formul\u00e1r z ni\u017e\u0161ie uveden\u00e9ho odkazu, vypl\u0148te ho [&hellip;]<\/p>\n","protected":false},"author":1,"featured_media":0,"parent":0,"menu_order":0,"comment_status":"closed","ping_status":"closed","template":"","meta":{"_uag_custom_page_level_css":"","site-sidebar-layout":"default","site-content-layout":"page-builder","ast-site-content-layout":"","site-content-style":"default","site-sidebar-style":"default","ast-global-header-display":"","ast-banner-title-visibility":"","ast-main-header-display":"","ast-hfb-above-header-display":"","ast-hfb-below-header-display":"","ast-hfb-mobile-header-display":"","site-post-title":"disabled","ast-breadcrumbs-content":"","ast-featured-img":"","footer-sml-layout":"","theme-transparent-header-meta":"enabled","adv-header-id-meta":"","stick-header-meta":"","header-above-stick-meta":"","header-main-stick-meta":"","header-below-stick-meta":"","astra-migrate-meta-layouts":"default","ast-page-background-enabled":"default","ast-page-background-meta":{"desktop":{"background-color":"","background-image":"","background-repeat":"repeat","background-position":"center center","background-size":"auto","background-attachment":"scroll","background-type":"","background-media":"","overlay-type":"","overlay-color":"","overlay-opacity":"","overlay-gradient":""},"tablet":{"background-color":"","background-image":"","background-repeat":"repeat","background-position":"center center","background-size":"auto","background-attachment":"scroll","background-type":"","background-media":"","overlay-type":"","overlay-color":"","overlay-opacity":"","overlay-gradient":""},"mobile":{"background-color":"","background-image":"","background-repeat":"repeat","background-position":"center center","background-size":"auto","background-attachment":"scroll","background-type":"","background-media":"","overlay-type":"","overlay-color":"","overlay-opacity":"","overlay-gradient":""}},"ast-content-background-meta":{"desktop":{"background-color":"var(--ast-global-color-5)","background-image":"","background-repeat":"repeat","background-position":"center center","background-size":"auto","background-attachment":"scroll","background-type":"","background-media":"","overlay-type":"","overlay-color":"","overlay-opacity":"","overlay-gradient":""},"tablet":{"background-color":"var(--ast-global-color-5)","background-image":"","background-repeat":"repeat","background-position":"center center","background-size":"auto","background-attachment":"scroll","background-type":"","background-media":"","overlay-type":"","overlay-color":"","overlay-opacity":"","overlay-gradient":""},"mobile":{"background-color":"var(--ast-global-color-5)","background-image":"","background-repeat":"repeat","background-position":"center center","background-size":"auto","background-attachment":"scroll","background-type":"","background-media":"","overlay-type":"","overlay-color":"","overlay-opacity":"","overlay-gradient":""}},"footnotes":""},"class_list":["post-5062","page","type-page","status-publish","hentry"],"uagb_featured_image_src":{"full":false,"thumbnail":false,"medium":false,"medium_large":false,"large":false,"1536x1536":false,"2048x2048":false},"uagb_author_info":{"display_name":"Andrea","author_link":"https:\/\/www.membership-fitness.com\/sk\/author\/andrea\/"},"uagb_comment_info":0,"uagb_excerpt":"SPUSTITE SI BEZPLATN\u00da SK\u00da\u0160OBN\u00da VERZIU \u017diadne z\u00e1v\u00e4zky, \u017eiadne skryt\u00e9 poplatky, vysk\u00fa\u0161ajte na\u0161u slu\u017ebu na 30 dn\u00ed zadarmo. V\u0161etky v\u00fdhody na\u0161ej \u010dlenskej slu\u017eby m\u00f4\u017eete teraz vyu\u017e\u00edva\u0165 30 dn\u00ed \u00faplne zadarmo. Neexistuj\u00fa \u017eiadne skryt\u00e9 n\u00e1klady a po\u010das sk\u00fa\u0161obnej lehoty m\u00f4\u017eete slu\u017ebu kedyko\u013evek zru\u0161i\u0165. Ak chcete za\u010da\u0165, jednoducho si stiahnite registra\u010dn\u00fd formul\u00e1r z ni\u017e\u0161ie uveden\u00e9ho odkazu, vypl\u0148te ho&hellip;","_links":{"self":[{"href":"https:\/\/www.membership-fitness.com\/sk\/wp-json\/wp\/v2\/pages\/5062","targetHints":{"allow":["GET"]}}],"collection":[{"href":"https:\/\/www.membership-fitness.com\/sk\/wp-json\/wp\/v2\/pages"}],"about":[{"href":"https:\/\/www.membership-fitness.com\/sk\/wp-json\/wp\/v2\/types\/page"}],"author":[{"embeddable":true,"href":"https:\/\/www.membership-fitness.com\/sk\/wp-json\/wp\/v2\/users\/1"}],"replies":[{"embeddable":true,"href":"https:\/\/www.membership-fitness.com\/sk\/wp-json\/wp\/v2\/comments?post=5062"}],"version-history":[{"count":1,"href":"https:\/\/www.membership-fitness.com\/sk\/wp-json\/wp\/v2\/pages\/5062\/revisions"}],"predecessor-version":[{"id":5063,"href":"https:\/\/www.membership-fitness.com\/sk\/wp-json\/wp\/v2\/pages\/5062\/revisions\/5063"}],"wp:attachment":[{"href":"https:\/\/www.membership-fitness.com\/sk\/wp-json\/wp\/v2\/media?parent=5062"}],"curies":[{"name":"wp","href":"https:\/\/api.w.org\/{rel}","templated":true}]}}