{"id":5056,"date":"2022-12-13T05:56:51","date_gmt":"2022-12-13T05:56:51","guid":{"rendered":"https:\/\/www.membership-fitness.com\/domov\/"},"modified":"2024-09-27T13:20:04","modified_gmt":"2024-09-27T13:20:04","slug":"domov","status":"publish","type":"page","link":"https:\/\/www.membership-fitness.com\/sk\/","title":{"rendered":"Domov"},"content":{"rendered":"\n<div class=\"wp-block-uagb-container uag-blocks-common-selector uagb-block-ceee022f alignfull uagb-is-root-container\"><div class=\"uagb-container-inner-blocks-wrap\">\n<div class=\"wp-block-uagb-container uagb-block-4a5cddb8\">\n<div class=\"wp-block-uagb-container uagb-block-e0e54f47\">\n<div class=\"wp-block-uagb-advanced-heading uagb-block-c5e8c983\"><h2 class=\"uagb-heading-text\">ZV\u00dd\u0160TE \u00daROVE\u0147 SVOJHO PODNIKANIA V OBLASTI FITNESS<\/h2><\/div>\n\n\n\n<div class=\"wp-block-uagb-advanced-heading uagb-block-dea6af2c\"><h2 class=\"uagb-heading-text\">V\u0161etko v jednom preh\u013eadnom softv\u00e9rovom rie\u0161en\u00ed na odstr\u00e1nenie administrat\u00edvnych \u00faloh a zefekt\u00edvnenie ka\u017ed\u00e9ho aspektu v\u00e1\u0161ho podnikania v oblasti fitness.<\/h2><\/div>\n\n\n\n<div class=\"wp-block-uagb-buttons uagb-buttons__outer-wrap uagb-btn__default-btn uagb-btn-tablet__default-btn uagb-btn-mobile__medium-btn uagb-block-d384b375\"><div class=\"uagb-buttons__wrap uagb-buttons-layout-wrap\">\n<div class=\"wp-block-uagb-buttons-child uagb-buttons__outer-wrap uagb-block-bb135f22 wp-block-button is-style-outline\"><div class=\"uagb-button__wrapper\"><a class=\"uagb-buttons-repeater wp-block-button__link has-background has-text-color\" href=\"https:\/\/www.membership-fitness.com\/start-trial\/\" onclick=\"return true;\" rel=\"follow noopener\" target=\"_self\"><div class=\"uagb-button__link\">BEZPLATN\u00c1 SK\u00da\u0160OBN\u00c1 VERZIA<\/div><\/a><\/div><\/div>\n\n\n\n<div class=\"wp-block-uagb-buttons-child uagb-buttons__outer-wrap uagb-block-c0697eeb wp-block-button is-style-outline\"><div class=\"uagb-button__wrapper\"><a class=\"uagb-buttons-repeater wp-block-button__link has-background has-text-color\" href=\"https:\/\/demo.membership-fitness.com\/\" onclick=\"return true;\" rel=\"follow noopener\" target=\"_blank\"><div class=\"uagb-button__link\">DEMO KNIHY<\/div><\/a><\/div><\/div>\n<\/div><\/div>\n<\/div>\n<\/div>\n<\/div><\/div>\n\n<div class=\"wp-block-uagb-container uag-blocks-common-selector uagb-block-31258d27 alignfull uagb-is-root-container\"><div class=\"uagb-container-inner-blocks-wrap\">\n<div class=\"wp-block-uagb-container uagb-block-f24eeb2c\">\n<div class=\"wp-block-uagb-container uagb-block-465c38dd\">\n<div class=\"wp-block-uagb-advanced-heading uagb-block-32094996\"><h2 class=\"uagb-heading-text\">O<br\/>MEMBERSHIP<\/h2><\/div>\n\n\n\n<div class=\"wp-block-uagb-advanced-heading uagb-block-4062f28e\"><h2 class=\"uagb-heading-text\">Zjednodu\u0161te sp\u00f4sob, ak\u00fdm prev\u00e1dzkujete svoju posil\u0148ov\u0148u. Nechajte seba a svojich klientov s\u00fastredi\u0165 sa na to, \u010do je d\u00f4le\u017eit\u00e9. Presta\u0148te str\u00e1ca\u0165 hodiny nad zlo\u017eit\u00fdm softv\u00e9rom, ktor\u00fd stoj\u00ed majetok. \u010clenstvo v\u00e1m umo\u017e\u0148uje:   <\/h2><\/div>\n\n\n\n<div class=\"wp-block-uagb-advanced-heading uagb-block-bbbd4ec7\"><h2 class=\"uagb-heading-text\">\u2022 z\u00edska\u0165 \u00fapln\u00fd preh\u013ead o svojich klientoch<br\/>\u2022 komunikova\u0165 s nimi<br\/>\u2022 automatizova\u0165 ich platby<br\/>\u2022 prezentova\u0165 svoje ponuky<br\/>\u2022 efekt\u00edvne spravujte svoju posil\u0148ov\u0148u<\/h2><\/div>\n<\/div>\n\n\n\n<div class=\"wp-block-uagb-container uagb-block-3fc19ece\">\n<div class=\"wp-block-uagb-image uagb-block-4990a0be wp-block-uagb-image--layout-default wp-block-uagb-image--effect-static wp-block-uagb-image--align-none\"><figure class=\"wp-block-uagb-image__figure\"><img decoding=\"async\" srcset=\"https:\/\/www.membership-fitness.com\/wp-content\/uploads\/2024\/04\/Homepage_image_01-1-1024x676.png ,https:\/\/www.membership-fitness.com\/wp-content\/uploads\/2024\/04\/Homepage_image_01.png 780w, https:\/\/www.membership-fitness.com\/wp-content\/uploads\/2024\/04\/Homepage_image_01-1.png 360w\" sizes=\"auto, (max-width: 480px) 150px\" src=\"https:\/\/www.membership-fitness.com\/wp-content\/uploads\/2024\/04\/Homepage_image_01-1-1024x676.png\" alt=\"\" class=\"uag-image-4597\" width=\"1024\" height=\"676\" title=\"\" loading=\"lazy\"><\/figure><\/div>\n<\/div>\n<\/div>\n<\/div><\/div>\n\n<div class=\"wp-block-uagb-container uagb-block-ea987848 alignfull uagb-is-root-container\"><div class=\"uagb-container-inner-blocks-wrap\">\n<div class=\"wp-block-uagb-container uag-blocks-common-selector uagb-block-c6103542\">\n<div class=\"wp-block-uagb-container uagb-block-42889c7d\">\n<div class=\"wp-block-uagb-container uagb-block-158996d8\">\n<div class=\"wp-block-uagb-image aligncenter uagb-block-51bb8f83 wp-block-uagb-image--layout-default wp-block-uagb-image--effect-static wp-block-uagb-image--align-center\"><figure class=\"wp-block-uagb-image__figure\"><img decoding=\"async\" srcset=\"https:\/\/www.membership-fitness.com\/wp-content\/uploads\/2024\/04\/Membership_logo_mark_01.png ,https:\/\/www.membership-fitness.com\/wp-content\/uploads\/2024\/04\/Membership_logo_mark_01.png 780w, https:\/\/www.membership-fitness.com\/wp-content\/uploads\/2024\/04\/Membership_logo_mark_01.png 360w\" sizes=\"auto, (max-width: 480px) 150px\" src=\"https:\/\/www.membership-fitness.com\/wp-content\/uploads\/2024\/04\/Membership_logo_mark_01.png\" alt=\"\" class=\"uag-image-4403\" width=\"50\" height=\"50\" title=\"\" loading=\"lazy\"><\/figure><\/div>\n<\/div>\n\n\n\n<div class=\"wp-block-uagb-container uagb-block-03d44438\">\n<div class=\"wp-block-uagb-advanced-heading uagb-block-d677f328\"><h2 class=\"uagb-heading-text\">FUNKCIE<\/h2><\/div>\n<\/div>\n<\/div>\n\n\n\n<div class=\"wp-block-uagb-icon-list uagb-block-a55c725e\"><div class=\"uagb-icon-list__wrap\">\n<div class=\"wp-block-uagb-icon-list-child uagb-block-1eb2ff2e\"><span class=\"uagb-icon-list__source-wrap\"><img decoding=\"async\" class=\"uagb-icon-list__source-image\" src=\"https:\/\/www.membership-fitness.com\/wp-content\/uploads\/2023\/01\/Members_icon.png\" width=\"30\" height=\"30\" loading=\"lazy\" alt=\"\"\/><\/span><span class=\"uagb-icon-list__label\">\u010cLENOVIA<\/span><\/div>\n\n\n\n<div class=\"wp-block-uagb-icon-list-child uagb-block-87c99bbb\"><span class=\"uagb-icon-list__source-wrap\"><img decoding=\"async\" class=\"uagb-icon-list__source-image\" src=\"https:\/\/www.membership-fitness.com\/wp-content\/uploads\/2023\/01\/Finances_icon.png\" width=\"30\" height=\"30\" loading=\"lazy\" alt=\"\"\/><\/span><span class=\"uagb-icon-list__label\">FINANCIE<\/span><\/div>\n\n\n\n<div class=\"wp-block-uagb-icon-list-child uagb-block-fe136f6c\"><span class=\"uagb-icon-list__source-wrap\"><img decoding=\"async\" class=\"uagb-icon-list__source-image\" src=\"https:\/\/www.membership-fitness.com\/wp-content\/uploads\/2023\/01\/Memberships_icon.png\" width=\"30\" height=\"30\" loading=\"lazy\" alt=\"\"\/><\/span><span class=\"uagb-icon-list__label\">\u010cLENSTVO<\/span><\/div>\n\n\n\n<div class=\"wp-block-uagb-icon-list-child uagb-block-3b6cfa5f\"><span class=\"uagb-icon-list__source-wrap\"><img decoding=\"async\" class=\"uagb-icon-list__source-image\" src=\"https:\/\/www.membership-fitness.com\/wp-content\/uploads\/2023\/01\/Club_icon.png\" width=\"30\" height=\"30\" loading=\"lazy\" alt=\"\"\/><\/span><span class=\"uagb-icon-list__label\">CLUB<\/span><\/div>\n\n\n\n<div class=\"wp-block-uagb-icon-list-child uagb-block-e8760538\"><span class=\"uagb-icon-list__source-wrap\"><img decoding=\"async\" class=\"uagb-icon-list__source-image\" src=\"https:\/\/www.membership-fitness.com\/wp-content\/uploads\/2023\/01\/Management_icon.png\" width=\"30\" height=\"30\" loading=\"lazy\" alt=\"\"\/><\/span><span class=\"uagb-icon-list__label\">MANA\u017dMENT<\/span><\/div>\n<\/div><\/div>\n<\/div>\n<\/div><\/div>\n\n<div class=\"wp-block-uagb-container uagb-block-5e42e3e8 alignfull uagb-is-root-container\"><div class=\"uagb-container-inner-blocks-wrap\">\n<div class=\"wp-block-uagb-container uagb-block-2160d0ce\">\n<div class=\"wp-block-uagb-container uagb-block-b3487f9c\">\n<div class=\"wp-block-uagb-image uagb-block-b80cd231 wp-block-uagb-image--layout-default wp-block-uagb-image--effect-static wp-block-uagb-image--align-none\"><figure class=\"wp-block-uagb-image__figure\"><img decoding=\"async\" srcset=\"https:\/\/www.membership-fitness.com\/wp-content\/uploads\/2024\/04\/Homepage_image_02.png ,https:\/\/www.membership-fitness.com\/wp-content\/uploads\/2024\/04\/Homepage_image_02.png 780w, https:\/\/www.membership-fitness.com\/wp-content\/uploads\/2024\/04\/Homepage_image_02-300x255.png 360w\" sizes=\"auto, (max-width: 480px) 150px\" src=\"https:\/\/www.membership-fitness.com\/wp-content\/uploads\/2024\/04\/Homepage_image_02.png\" alt=\"\" class=\"uag-image-4417\" width=\"500\" height=\"850\" title=\"\" loading=\"lazy\"><\/figure><\/div>\n<\/div>\n\n\n\n<div class=\"wp-block-uagb-container uag-blocks-common-selector uagb-block-e9bfe758\">\n<div class=\"wp-block-uagb-advanced-heading uagb-block-e919bad6 uag-blocks-common-selector\" style=\"--z-index-desktop:1;;--z-index-tablet:undefined;;--z-index-mobile:undefined;\"><h2 class=\"uagb-heading-text\">LIGHT<br\/>APP.<br\/>INTUITIVE<br\/>POU\u017dITIE.<\/h2><\/div>\n\n\n\n<div class=\"wp-block-uagb-advanced-heading uagb-block-5d5d2267 uag-blocks-common-selector\" style=\"--z-index-desktop:5;;--z-index-tablet:undefined;;--z-index-mobile:undefined;\"><h2 class=\"uagb-heading-text\">MEMBERSHIP APP<\/h2><\/div>\n\n\n\n<div class=\"wp-block-uagb-advanced-heading uagb-block-b9893383 uag-blocks-common-selector\" style=\"--z-index-desktop:5;;--z-index-tablet:undefined;;--z-index-mobile:undefined;\"><h2 class=\"uagb-heading-text\">Registr\u00e1cia v okamihu, zber platobn\u00fdch inform\u00e1ci\u00ed, QR k\u00f3d pre vstup do telocvi\u010dne a mo\u017enos\u0165 nahl\u00e1si\u0165 probl\u00e9m.<br\/><br\/>Dos\u0165 na to, aby ste svojim klientom poskytli bezprobl\u00e9mov\u00fd z\u00e1\u017eitok z fitness, zv\u00fd\u0161ili mieru udr\u017eania v posil\u0148ovni a z\u00edskali nov\u00fdch \u010dlenov.<\/h2><\/div>\n<\/div>\n<\/div>\n<\/div><\/div>\n\n<div class=\"wp-block-uagb-container uagb-block-7dca7f2d alignfull uagb-is-root-container\"><div class=\"uagb-container-inner-blocks-wrap\">\n<div class=\"wp-block-uagb-container uagb-block-6b5d3873\">\n<div class=\"wp-block-uagb-image aligncenter uagb-block-2c9c8edc wp-block-uagb-image--layout-default wp-block-uagb-image--effect-static wp-block-uagb-image--align-center\"><figure class=\"wp-block-uagb-image__figure\"><img decoding=\"async\" srcset=\"https:\/\/www.membership-fitness.com\/wp-content\/uploads\/2024\/04\/Homepage_image_03-1.jpg ,https:\/\/www.membership-fitness.com\/wp-content\/uploads\/2024\/04\/Homepage_image_03-1.jpg 780w\" sizes=\"auto, (max-width: 480px) 150px\" src=\"https:\/\/www.membership-fitness.com\/wp-content\/uploads\/2024\/04\/Homepage_image_03-1.jpg\" alt=\"\" class=\"uag-image-4283\" width=\"200\" height=\"200\" title=\"\" loading=\"lazy\"><\/figure><\/div>\n\n\n\n<div class=\"wp-block-uagb-advanced-heading uagb-block-bd33f5e0\"><h2 class=\"uagb-heading-text\">ST\u00c1LE SI NIE STE IST\u00cd, \u010cI JE MEMBERSHIP VHODN\u00c9 PRE V\u00c1\u0160 FITNESS PODNIK?<\/h2><\/div>\n\n\n\n<div class=\"wp-block-uagb-advanced-heading uagb-block-1de48be0\"><h2 class=\"uagb-heading-text\">Objednajte si demo a zistite, ako m\u00f4\u017ee na\u0161a slu\u017eba posun\u00fa\u0165 va\u0161e podnikanie na nov\u00fa \u00farove\u0148!<\/h2><\/div>\n\n\n\n<div class=\"wp-block-uagb-buttons uagb-buttons__outer-wrap uagb-btn__default-btn uagb-btn-tablet__default-btn uagb-btn-mobile__medium-btn uagb-block-73b561a7\"><div class=\"uagb-buttons__wrap uagb-buttons-layout-wrap\">\n<div class=\"wp-block-uagb-buttons-child uagb-buttons__outer-wrap uagb-block-3640358f wp-block-button is-style-outline\"><div class=\"uagb-button__wrapper\"><a class=\"uagb-buttons-repeater wp-block-button__link has-background has-text-color\" href=\"https:\/\/demo.membership-fitness.com\/\" onclick=\"return true;\" rel=\"follow noopener\" target=\"_blank\"><div class=\"uagb-button__link\">DEMO KNIHY<\/div><\/a><\/div><\/div>\n<\/div><\/div>\n<\/div>\n<\/div><\/div>\n\n<div class=\"wp-block-uagb-container uagb-block-3c002867 alignfull uagb-is-root-container\"><div class=\"uagb-container-inner-blocks-wrap\">\n<div class=\"wp-block-uagb-container uagb-block-045922c5\">\n<div class=\"wp-block-uagb-container uagb-block-be8ca78b\">\n<div class=\"wp-block-uagb-container uagb-block-682ace5a\">\n<div class=\"wp-block-uagb-advanced-heading uagb-block-1ca91365\"><h2 class=\"uagb-heading-text\">MISIA<\/h2><\/div>\n<\/div>\n\n\n\n<div class=\"wp-block-uagb-advanced-heading uagb-block-0f8d0463\"><h2 class=\"uagb-heading-text\">Mal\u00e9 fitness \u0161t\u00fadi\u00e1 z okolia \u010dasto pon\u00fakaj\u00fa vynikaj\u00face slu\u017eby. Pr\u00edli\u0161 ve\u013ea z nich v\u0161ak z\u00e1pas\u00ed so zlo\u017eit\u00fdm a drah\u00fdm softv\u00e9rom na spr\u00e1vu. Nemysl\u00edte si, \u017ee plytvanie \u010dasom a peniazmi je pre va\u0161e fitness \u0161t\u00fadio zl\u00fd za\u010diatok?  <br\/><br\/>Rozhodli sme sa by\u0165 n\u00e1pomocn\u00ed t\u00fdm z v\u00e1s, ktor\u00ed pr\u00e1ve zalo\u017eili svoje telocvi\u010dne. Ch\u00e1peme, \u017ee va\u0161e rozpo\u010dty s\u00fa nap\u00e4t\u00e9 a v tejto f\u00e1ze rozvoja podnikania m\u00e1te ve\u013ea pr\u00e1ce. <br\/><br\/>\u013dahk\u00fd, jednoduch\u00fd, pohodln\u00fd a cenovo dostupn\u00fd n\u00e1stroj na spr\u00e1vu &#8211; nem\u00f4\u017eeme v\u00e1s podpori\u0165 viac. Jasn\u00fd preh\u013ead o v\u0161etk\u00fdch klientoch a ich \u010dlenstv\u00e1ch, financi\u00e1ch, komunik\u00e1cii a spr\u00e1ve. Pokryli sme v\u0161etky hlavn\u00e9 oblasti bez zbyto\u010dn\u00fdch doplnkov, ktor\u00e9 by v\u00e1s spoma\u013eovali.  <\/h2><\/div>\n<\/div>\n\n\n\n<div class=\"wp-block-uagb-container uagb-block-6bdfe87f\">\n<div class=\"wp-block-uagb-image aligncenter uagb-block-65dbc8af wp-block-uagb-image--layout-default wp-block-uagb-image--effect-static wp-block-uagb-image--align-center\"><figure class=\"wp-block-uagb-image__figure\"><img decoding=\"async\" srcset=\"https:\/\/www.membership-fitness.com\/wp-content\/uploads\/2024\/04\/Homepage_image_03.png ,https:\/\/www.membership-fitness.com\/wp-content\/uploads\/2024\/04\/Homepage_image_03.png 780w\" sizes=\"auto, (max-width: 480px) 150px\" src=\"https:\/\/www.membership-fitness.com\/wp-content\/uploads\/2024\/04\/Homepage_image_03.png\" alt=\"\" class=\"uag-image-4450\" width=\"365\" height=\"700\" title=\"\" loading=\"lazy\"><\/figure><\/div>\n<\/div>\n<\/div>\n<\/div><\/div>\n\n<div class=\"wp-block-uagb-container uagb-block-cb94e020 alignfull uagb-is-root-container\"><div class=\"uagb-container-inner-blocks-wrap\">\n<div class=\"wp-block-uagb-advanced-heading uagb-block-3e65f304\"><h2 class=\"uagb-heading-text\">ZV\u00dd\u0160TE \u00daROVE\u0147 SVOJEJ TELOCVI\u010cNE<\/h2><\/div>\n\n\n\n<div class=\"wp-block-uagb-advanced-heading uagb-block-623ced7a\"><h2 class=\"uagb-heading-text\">Zefekt\u00edvnite svoje podnikanie.<\/h2><\/div>\n\n\n\n<div class=\"wp-block-uagb-buttons uagb-buttons__outer-wrap uagb-btn__default-btn uagb-btn-tablet__default-btn uagb-btn-mobile__medium-btn uagb-block-19ad1fd3\"><div class=\"uagb-buttons__wrap uagb-buttons-layout-wrap\">\n<div class=\"wp-block-uagb-buttons-child uagb-buttons__outer-wrap uagb-block-d2a501e5 wp-block-button is-style-outline\"><div class=\"uagb-button__wrapper\"><a class=\"uagb-buttons-repeater wp-block-button__link has-background has-text-color\" href=\"https:\/\/www.membership-fitness.com\/start-trial\/\" onclick=\"return true;\" rel=\"follow noopener\" target=\"_self\"><div class=\"uagb-button__link\">za\u010da\u0165 30 &#8211; d\u0148ov\u00e1 bezplatn\u00e1 sk\u00fa\u0161obn\u00e1 verzia<\/div><\/a><\/div><\/div>\n<\/div><\/div>\n<\/div><\/div>\n","protected":false},"excerpt":{"rendered":"<p>ZV\u00dd\u0160TE \u00daROVE\u0147 SVOJHO PODNIKANIA V OBLASTI FITNESS V\u0161etko v jednom preh\u013eadnom softv\u00e9rovom rie\u0161en\u00ed na odstr\u00e1nenie administrat\u00edvnych \u00faloh a zefekt\u00edvnenie ka\u017ed\u00e9ho aspektu v\u00e1\u0161ho podnikania v oblasti fitness. OMEMBERSHIP Zjednodu\u0161te sp\u00f4sob, ak\u00fdm prev\u00e1dzkujete svoju posil\u0148ov\u0148u. Nechajte seba a svojich klientov s\u00fastredi\u0165 sa na to, \u010do je d\u00f4le\u017eit\u00e9. Presta\u0148te str\u00e1ca\u0165 hodiny nad zlo\u017eit\u00fdm softv\u00e9rom, ktor\u00fd stoj\u00ed majetok. \u010clenstvo [&hellip;]<\/p>\n","protected":false},"author":1,"featured_media":0,"parent":0,"menu_order":0,"comment_status":"closed","ping_status":"closed","template":"","meta":{"_uag_custom_page_level_css":"","site-sidebar-layout":"default","site-content-layout":"page-builder","ast-site-content-layout":"full-width-container","site-content-style":"unboxed","site-sidebar-style":"unboxed","ast-global-header-display":"","ast-banner-title-visibility":"","ast-main-header-display":"","ast-hfb-above-header-display":"","ast-hfb-below-header-display":"","ast-hfb-mobile-header-display":"","site-post-title":"disabled","ast-breadcrumbs-content":"","ast-featured-img":"","footer-sml-layout":"","theme-transparent-header-meta":"enabled","adv-header-id-meta":"","stick-header-meta":"","header-above-stick-meta":"","header-main-stick-meta":"","header-below-stick-meta":"","astra-migrate-meta-layouts":"default","ast-page-background-enabled":"default","ast-page-background-meta":{"desktop":{"background-color":"","background-image":"","background-repeat":"repeat","background-position":"center center","background-size":"auto","background-attachment":"scroll","background-type":"","background-media":"","overlay-type":"","overlay-color":"","overlay-opacity":"","overlay-gradient":""},"tablet":{"background-color":"","background-image":"","background-repeat":"repeat","background-position":"center center","background-size":"auto","background-attachment":"scroll","background-type":"","background-media":"","overlay-type":"","overlay-color":"","overlay-opacity":"","overlay-gradient":""},"mobile":{"background-color":"","background-image":"","background-repeat":"repeat","background-position":"center center","background-size":"auto","background-attachment":"scroll","background-type":"","background-media":"","overlay-type":"","overlay-color":"","overlay-opacity":"","overlay-gradient":""}},"ast-content-background-meta":{"desktop":{"background-color":"var(--ast-global-color-5)","background-image":"","background-repeat":"repeat","background-position":"center center","background-size":"auto","background-attachment":"scroll","background-type":"","background-media":"","overlay-type":"","overlay-color":"","overlay-opacity":"","overlay-gradient":""},"tablet":{"background-color":"var(--ast-global-color-5)","background-image":"","background-repeat":"repeat","background-position":"center center","background-size":"auto","background-attachment":"scroll","background-type":"","background-media":"","overlay-type":"","overlay-color":"","overlay-opacity":"","overlay-gradient":""},"mobile":{"background-color":"var(--ast-global-color-5)","background-image":"","background-repeat":"repeat","background-position":"center center","background-size":"auto","background-attachment":"scroll","background-type":"","background-media":"","overlay-type":"","overlay-color":"","overlay-opacity":"","overlay-gradient":""}},"footnotes":""},"class_list":["post-5056","page","type-page","status-publish","hentry"],"uagb_featured_image_src":{"full":false,"thumbnail":false,"medium":false,"medium_large":false,"large":false,"1536x1536":false,"2048x2048":false},"uagb_author_info":{"display_name":"Andrea","author_link":"https:\/\/www.membership-fitness.com\/sk\/author\/andrea\/"},"uagb_comment_info":0,"uagb_excerpt":"ZV\u00dd\u0160TE \u00daROVE\u0147 SVOJHO PODNIKANIA V OBLASTI FITNESS V\u0161etko v jednom preh\u013eadnom softv\u00e9rovom rie\u0161en\u00ed na odstr\u00e1nenie administrat\u00edvnych \u00faloh a zefekt\u00edvnenie ka\u017ed\u00e9ho aspektu v\u00e1\u0161ho podnikania v oblasti fitness. OMEMBERSHIP Zjednodu\u0161te sp\u00f4sob, ak\u00fdm prev\u00e1dzkujete svoju posil\u0148ov\u0148u. Nechajte seba a svojich klientov s\u00fastredi\u0165 sa na to, \u010do je d\u00f4le\u017eit\u00e9. Presta\u0148te str\u00e1ca\u0165 hodiny nad zlo\u017eit\u00fdm softv\u00e9rom, ktor\u00fd stoj\u00ed majetok. \u010clenstvo&hellip;","_links":{"self":[{"href":"https:\/\/www.membership-fitness.com\/sk\/wp-json\/wp\/v2\/pages\/5056","targetHints":{"allow":["GET"]}}],"collection":[{"href":"https:\/\/www.membership-fitness.com\/sk\/wp-json\/wp\/v2\/pages"}],"about":[{"href":"https:\/\/www.membership-fitness.com\/sk\/wp-json\/wp\/v2\/types\/page"}],"author":[{"embeddable":true,"href":"https:\/\/www.membership-fitness.com\/sk\/wp-json\/wp\/v2\/users\/1"}],"replies":[{"embeddable":true,"href":"https:\/\/www.membership-fitness.com\/sk\/wp-json\/wp\/v2\/comments?post=5056"}],"version-history":[{"count":1,"href":"https:\/\/www.membership-fitness.com\/sk\/wp-json\/wp\/v2\/pages\/5056\/revisions"}],"predecessor-version":[{"id":5057,"href":"https:\/\/www.membership-fitness.com\/sk\/wp-json\/wp\/v2\/pages\/5056\/revisions\/5057"}],"wp:attachment":[{"href":"https:\/\/www.membership-fitness.com\/sk\/wp-json\/wp\/v2\/media?parent=5056"}],"curies":[{"name":"wp","href":"https:\/\/api.w.org\/{rel}","templated":true}]}}