{"id":5074,"date":"2023-01-25T11:09:35","date_gmt":"2023-01-25T11:09:35","guid":{"rendered":"https:\/\/www.membership-fitness.com\/iniciar-prueba\/"},"modified":"2024-09-30T08:24:25","modified_gmt":"2024-09-30T08:24:25","slug":"iniciar-prueba","status":"publish","type":"page","link":"https:\/\/www.membership-fitness.com\/es\/iniciar-prueba\/","title":{"rendered":"Iniciar prueba"},"content":{"rendered":"\n<div class=\"wp-block-uagb-container uagb-block-3c98d2a9 alignfull uagb-is-root-container\"><div class=\"uagb-container-inner-blocks-wrap\">\n<div class=\"wp-block-uagb-container uagb-block-1444ce1f\">\n<div class=\"wp-block-uagb-container uagb-block-80a6683b\">\n<div class=\"wp-block-uagb-advanced-heading uagb-block-2fc8a91d\"><h2 class=\"uagb-heading-text\">INICIE SU PRUEBA GRATUITA<\/h2><\/div>\n\n\n\n<div class=\"wp-block-uagb-advanced-heading uagb-block-58beda98\"><h2 class=\"uagb-heading-text\">Sin obligaciones ni cargos ocultos, pruebe nuestro servicio durante 30 d\u00edas gratis.<\/h2><\/div>\n<\/div>\n<\/div>\n<\/div><\/div>\n\n<div class=\"wp-block-uagb-container uagb-block-82b91989 alignfull uagb-is-root-container\"><div class=\"uagb-container-inner-blocks-wrap\">\n<div class=\"wp-block-uagb-container uagb-block-33067f6e\">\n<div class=\"wp-block-uagb-container uagb-block-c22ec9cc\">\n<div class=\"wp-block-uagb-advanced-heading uagb-block-170f32c2\"><h2 class=\"uagb-heading-text\">Ahora puede disfrutar de todas las ventajas de nuestro servicio de afiliaci\u00f3n durante 30 d\u00edas de forma totalmente gratuita. No hay costes ocultos y puede darse de baja en cualquier momento durante el periodo de prueba. <\/h2><\/div>\n\n\n\n<div class=\"wp-block-uagb-advanced-heading uagb-block-e18b0f75\"><h2 class=\"uagb-heading-text\">Para empezar, s\u00f3lo tiene que descargar el formulario de inscripci\u00f3n del enlace siguiente, rellenarlo y enviarlo a <a href=\"mailto:support@membership.com\">support@membership.com<\/a>. Cuando recibamos el formulario, te enviaremos los datos de acceso. <\/h2><\/div>\n\n\n\n<div class=\"wp-block-uagb-advanced-heading uagb-block-8552708f\"><h2 class=\"uagb-heading-text\"><a href=\"https:\/\/www.membership-fitness.com\/wp-content\/uploads\/2024\/04\/Registration_form_EN_v001.pdf\" target=\"_blank\" rel=\"noreferrer noopener\"><\/a><a href=\"https:\/\/www.membership-fitness.com\/wp-content\/uploads\/2024\/04\/Registration_form_EN_v001.pdf\">Descargar el formulario de inscripci\u00f3n EN<\/a><\/h2><\/div>\n\n\n\n<div class=\"wp-block-uagb-advanced-heading uagb-block-18678ea5\"><h2 class=\"uagb-heading-text\"><a href=\"https:\/\/www.membership-fitness.com\/wp-content\/uploads\/2024\/04\/Registration_form_DE_v001.pdf\" target=\"_blank\" rel=\"noreferrer noopener\"><\/a><a href=\"https:\/\/www.membership-fitness.com\/wp-content\/uploads\/2024\/04\/Registration_form_DE_v001.pdf\">Descargar el formulario de inscripci\u00f3n DE<\/a><\/h2><\/div>\n\n\n\n<div class=\"wp-block-uagb-advanced-heading uagb-block-f05ece03\"><h2 class=\"uagb-heading-text\">Gracias por elegirnos. Estamos impacientes por ver c\u00f3mo la afiliaci\u00f3n transforma su negocio. <\/h2><\/div>\n<\/div>\n<\/div>\n<\/div><\/div>\n\n<div class=\"wp-block-uagb-container uagb-block-8ad74f02 alignfull uagb-is-root-container\"><div class=\"uagb-container-inner-blocks-wrap\">\n<div class=\"wp-block-uagb-container uagb-block-3c6abab6\">\n<div class=\"wp-block-uagb-container uagb-block-512f88ec\">\n<div class=\"wp-block-uagb-image aligncenter uagb-block-d5033957 wp-block-uagb-image--layout-default wp-block-uagb-image--effect-static wp-block-uagb-image--align-center\"><figure class=\"wp-block-uagb-image__figure\"><img decoding=\"async\" srcset=\"https:\/\/www.membership-fitness.com\/wp-content\/uploads\/2024\/04\/Homepage_image_03-1.jpg ,https:\/\/www.membership-fitness.com\/wp-content\/uploads\/2024\/04\/Homepage_image_03-1.jpg 780w\" sizes=\"auto, (max-width: 480px) 150px\" src=\"https:\/\/www.membership-fitness.com\/wp-content\/uploads\/2024\/04\/Homepage_image_03-1.jpg\" alt=\"\" class=\"uag-image-4283\" width=\"200\" height=\"200\" title=\"\" loading=\"lazy\"><\/figure><\/div>\n\n\n\n<div class=\"wp-block-uagb-advanced-heading uagb-block-5145ee80\"><h2 class=\"uagb-heading-text\">\u00bfA\u00daN NO EST\u00c1 SEGURO DE SI LA AFILIACI\u00d3N ES LA MEJOR OPCI\u00d3N PARA SU NEGOCIO DE FITNESS?<\/h2><\/div>\n\n\n\n<div class=\"wp-block-uagb-advanced-heading uagb-block-3387ee6a\"><h2 class=\"uagb-heading-text\">Reserve una demostraci\u00f3n y descubra c\u00f3mo nuestro servicio puede llevar su negocio a nuevas cotas.<\/h2><\/div>\n\n\n\n<div class=\"wp-block-uagb-buttons uagb-buttons__outer-wrap uagb-btn__default-btn uagb-btn-tablet__default-btn uagb-btn-mobile__medium-btn uagb-block-603b6dcd\"><div class=\"uagb-buttons__wrap uagb-buttons-layout-wrap\">\n<div class=\"wp-block-uagb-buttons-child uagb-buttons__outer-wrap uagb-block-cb0dcce2 wp-block-button is-style-outline\"><div class=\"uagb-button__wrapper\"><a class=\"uagb-buttons-repeater wp-block-button__link has-background has-text-color\" href=\"https:\/\/demo.membership-fitness.com\/\" onclick=\"return true;\" rel=\"follow noopener\" target=\"_blank\"><div class=\"uagb-button__link\">RESERVAR DEMO<\/div><\/a><\/div><\/div>\n<\/div><\/div>\n<\/div>\n<\/div>\n<\/div><\/div>\n","protected":false},"excerpt":{"rendered":"<p>INICIE SU PRUEBA GRATUITA Sin obligaciones ni cargos ocultos, pruebe nuestro servicio durante 30 d\u00edas gratis. Ahora puede disfrutar de todas las ventajas de nuestro servicio de afiliaci\u00f3n durante 30 d\u00edas de forma totalmente gratuita. No hay costes ocultos y puede darse de baja en cualquier momento durante el periodo de prueba. Para empezar, s\u00f3lo [&hellip;]<\/p>\n","protected":false},"author":1,"featured_media":0,"parent":0,"menu_order":0,"comment_status":"closed","ping_status":"closed","template":"","meta":{"_uag_custom_page_level_css":"","site-sidebar-layout":"default","site-content-layout":"page-builder","ast-site-content-layout":"","site-content-style":"default","site-sidebar-style":"default","ast-global-header-display":"","ast-banner-title-visibility":"","ast-main-header-display":"","ast-hfb-above-header-display":"","ast-hfb-below-header-display":"","ast-hfb-mobile-header-display":"","site-post-title":"disabled","ast-breadcrumbs-content":"","ast-featured-img":"","footer-sml-layout":"","theme-transparent-header-meta":"enabled","adv-header-id-meta":"","stick-header-meta":"","header-above-stick-meta":"","header-main-stick-meta":"","header-below-stick-meta":"","astra-migrate-meta-layouts":"default","ast-page-background-enabled":"default","ast-page-background-meta":{"desktop":{"background-color":"","background-image":"","background-repeat":"repeat","background-position":"center center","background-size":"auto","background-attachment":"scroll","background-type":"","background-media":"","overlay-type":"","overlay-color":"","overlay-opacity":"","overlay-gradient":""},"tablet":{"background-color":"","background-image":"","background-repeat":"repeat","background-position":"center center","background-size":"auto","background-attachment":"scroll","background-type":"","background-media":"","overlay-type":"","overlay-color":"","overlay-opacity":"","overlay-gradient":""},"mobile":{"background-color":"","background-image":"","background-repeat":"repeat","background-position":"center center","background-size":"auto","background-attachment":"scroll","background-type":"","background-media":"","overlay-type":"","overlay-color":"","overlay-opacity":"","overlay-gradient":""}},"ast-content-background-meta":{"desktop":{"background-color":"var(--ast-global-color-5)","background-image":"","background-repeat":"repeat","background-position":"center center","background-size":"auto","background-attachment":"scroll","background-type":"","background-media":"","overlay-type":"","overlay-color":"","overlay-opacity":"","overlay-gradient":""},"tablet":{"background-color":"var(--ast-global-color-5)","background-image":"","background-repeat":"repeat","background-position":"center center","background-size":"auto","background-attachment":"scroll","background-type":"","background-media":"","overlay-type":"","overlay-color":"","overlay-opacity":"","overlay-gradient":""},"mobile":{"background-color":"var(--ast-global-color-5)","background-image":"","background-repeat":"repeat","background-position":"center center","background-size":"auto","background-attachment":"scroll","background-type":"","background-media":"","overlay-type":"","overlay-color":"","overlay-opacity":"","overlay-gradient":""}},"footnotes":""},"class_list":["post-5074","page","type-page","status-publish","hentry"],"uagb_featured_image_src":{"full":false,"thumbnail":false,"medium":false,"medium_large":false,"large":false,"1536x1536":false,"2048x2048":false},"uagb_author_info":{"display_name":"Andrea","author_link":"https:\/\/www.membership-fitness.com\/es\/author\/andrea\/"},"uagb_comment_info":0,"uagb_excerpt":"INICIE SU PRUEBA GRATUITA Sin obligaciones ni cargos ocultos, pruebe nuestro servicio durante 30 d\u00edas gratis. Ahora puede disfrutar de todas las ventajas de nuestro servicio de afiliaci\u00f3n durante 30 d\u00edas de forma totalmente gratuita. No hay costes ocultos y puede darse de baja en cualquier momento durante el periodo de prueba. Para empezar, s\u00f3lo&hellip;","_links":{"self":[{"href":"https:\/\/www.membership-fitness.com\/es\/wp-json\/wp\/v2\/pages\/5074","targetHints":{"allow":["GET"]}}],"collection":[{"href":"https:\/\/www.membership-fitness.com\/es\/wp-json\/wp\/v2\/pages"}],"about":[{"href":"https:\/\/www.membership-fitness.com\/es\/wp-json\/wp\/v2\/types\/page"}],"author":[{"embeddable":true,"href":"https:\/\/www.membership-fitness.com\/es\/wp-json\/wp\/v2\/users\/1"}],"replies":[{"embeddable":true,"href":"https:\/\/www.membership-fitness.com\/es\/wp-json\/wp\/v2\/comments?post=5074"}],"version-history":[{"count":1,"href":"https:\/\/www.membership-fitness.com\/es\/wp-json\/wp\/v2\/pages\/5074\/revisions"}],"predecessor-version":[{"id":5075,"href":"https:\/\/www.membership-fitness.com\/es\/wp-json\/wp\/v2\/pages\/5074\/revisions\/5075"}],"wp:attachment":[{"href":"https:\/\/www.membership-fitness.com\/es\/wp-json\/wp\/v2\/media?parent=5074"}],"curies":[{"name":"wp","href":"https:\/\/api.w.org\/{rel}","templated":true}]}}