{"id":5068,"date":"2022-12-13T05:56:51","date_gmt":"2022-12-13T05:56:51","guid":{"rendered":"https:\/\/www.membership-fitness.com\/inicio\/"},"modified":"2024-09-30T08:19:08","modified_gmt":"2024-09-30T08:19:08","slug":"inicio","status":"publish","type":"page","link":"https:\/\/www.membership-fitness.com\/es\/","title":{"rendered":"Inicio"},"content":{"rendered":"\n<div class=\"wp-block-uagb-container uag-blocks-common-selector uagb-block-ceee022f alignfull uagb-is-root-container\"><div class=\"uagb-container-inner-blocks-wrap\">\n<div class=\"wp-block-uagb-container uagb-block-4a5cddb8\">\n<div class=\"wp-block-uagb-container uagb-block-e0e54f47\">\n<div class=\"wp-block-uagb-advanced-heading uagb-block-c5e8c983\"><h2 class=\"uagb-heading-text\">MEJORA TU NEGOCIO DE FITNESS<\/h2><\/div>\n\n\n\n<div class=\"wp-block-uagb-advanced-heading uagb-block-dea6af2c\"><h2 class=\"uagb-heading-text\">Todo en uno, una soluci\u00f3n de software limpia para eliminar las tareas administrativas y agilizar todos los aspectos de su negocio de fitness.<\/h2><\/div>\n\n\n\n<div class=\"wp-block-uagb-buttons uagb-buttons__outer-wrap uagb-btn__default-btn uagb-btn-tablet__default-btn uagb-btn-mobile__medium-btn uagb-block-d384b375\"><div class=\"uagb-buttons__wrap uagb-buttons-layout-wrap\">\n<div class=\"wp-block-uagb-buttons-child uagb-buttons__outer-wrap uagb-block-bb135f22 wp-block-button is-style-outline\"><div class=\"uagb-button__wrapper\"><a class=\"uagb-buttons-repeater wp-block-button__link has-background has-text-color\" href=\"https:\/\/www.membership-fitness.com\/start-trial\/\" onclick=\"return true;\" rel=\"follow noopener\" target=\"_self\"><div class=\"uagb-button__link\">PRUEBA GRATUITA<\/div><\/a><\/div><\/div>\n\n\n\n<div class=\"wp-block-uagb-buttons-child uagb-buttons__outer-wrap uagb-block-c0697eeb wp-block-button is-style-outline\"><div class=\"uagb-button__wrapper\"><a class=\"uagb-buttons-repeater wp-block-button__link has-background has-text-color\" href=\"https:\/\/demo.membership-fitness.com\/\" onclick=\"return true;\" rel=\"follow noopener\" target=\"_blank\"><div class=\"uagb-button__link\">RESERVAR DEMO<\/div><\/a><\/div><\/div>\n<\/div><\/div>\n<\/div>\n<\/div>\n<\/div><\/div>\n\n<div class=\"wp-block-uagb-container uag-blocks-common-selector uagb-block-31258d27 alignfull uagb-is-root-container\"><div class=\"uagb-container-inner-blocks-wrap\">\n<div class=\"wp-block-uagb-container uagb-block-f24eeb2c\">\n<div class=\"wp-block-uagb-container uagb-block-465c38dd\">\n<div class=\"wp-block-uagb-advanced-heading uagb-block-32094996\"><h2 class=\"uagb-heading-text\">ACERCA DE<br\/>MEMBERSHIP<\/h2><\/div>\n\n\n\n<div class=\"wp-block-uagb-advanced-heading uagb-block-4062f28e\"><h2 class=\"uagb-heading-text\">Simplifique la gesti\u00f3n de su gimnasio. Perm\u00edtase a usted y a sus clientes centrarse en lo que importa. Deje de perder horas en complejos programas inform\u00e1ticos que cuestan una fortuna. La afiliaci\u00f3n le permite:   <\/h2><\/div>\n\n\n\n<div class=\"wp-block-uagb-advanced-heading uagb-block-bbbd4ec7\"><h2 class=\"uagb-heading-text\">\u2022 obtener una visi\u00f3n completa de sus clientes<br\/>\u2022 comunicarse con ellos<br\/>\u2022 automatice sus pagos<br\/>\u2022 presente sus ofertas<br\/>\u2022 gestione su gimnasio con eficacia<\/h2><\/div>\n<\/div>\n\n\n\n<div class=\"wp-block-uagb-container uagb-block-3fc19ece\">\n<div class=\"wp-block-uagb-image uagb-block-4990a0be wp-block-uagb-image--layout-default wp-block-uagb-image--effect-static wp-block-uagb-image--align-none\"><figure class=\"wp-block-uagb-image__figure\"><img decoding=\"async\" srcset=\"https:\/\/www.membership-fitness.com\/wp-content\/uploads\/2024\/04\/Homepage_image_01-1-1024x676.png ,https:\/\/www.membership-fitness.com\/wp-content\/uploads\/2024\/04\/Homepage_image_01.png 780w, https:\/\/www.membership-fitness.com\/wp-content\/uploads\/2024\/04\/Homepage_image_01-1.png 360w\" sizes=\"auto, (max-width: 480px) 150px\" src=\"https:\/\/www.membership-fitness.com\/wp-content\/uploads\/2024\/04\/Homepage_image_01-1-1024x676.png\" alt=\"\" class=\"uag-image-4597\" width=\"1024\" height=\"676\" title=\"\" loading=\"lazy\"><\/figure><\/div>\n<\/div>\n<\/div>\n<\/div><\/div>\n\n<div class=\"wp-block-uagb-container uagb-block-ea987848 alignfull uagb-is-root-container\"><div class=\"uagb-container-inner-blocks-wrap\">\n<div class=\"wp-block-uagb-container uag-blocks-common-selector uagb-block-c6103542\">\n<div class=\"wp-block-uagb-container uagb-block-42889c7d\">\n<div class=\"wp-block-uagb-container uagb-block-158996d8\">\n<div class=\"wp-block-uagb-image aligncenter uagb-block-51bb8f83 wp-block-uagb-image--layout-default wp-block-uagb-image--effect-static wp-block-uagb-image--align-center\"><figure class=\"wp-block-uagb-image__figure\"><img decoding=\"async\" srcset=\"https:\/\/www.membership-fitness.com\/wp-content\/uploads\/2024\/04\/Membership_logo_mark_01.png ,https:\/\/www.membership-fitness.com\/wp-content\/uploads\/2024\/04\/Membership_logo_mark_01.png 780w, https:\/\/www.membership-fitness.com\/wp-content\/uploads\/2024\/04\/Membership_logo_mark_01.png 360w\" sizes=\"auto, (max-width: 480px) 150px\" src=\"https:\/\/www.membership-fitness.com\/wp-content\/uploads\/2024\/04\/Membership_logo_mark_01.png\" alt=\"\" class=\"uag-image-4403\" width=\"50\" height=\"50\" title=\"\" loading=\"lazy\"><\/figure><\/div>\n<\/div>\n\n\n\n<div class=\"wp-block-uagb-container uagb-block-03d44438\">\n<div class=\"wp-block-uagb-advanced-heading uagb-block-d677f328\"><h2 class=\"uagb-heading-text\">CARACTER\u00cdSTICAS<\/h2><\/div>\n<\/div>\n<\/div>\n\n\n\n<div class=\"wp-block-uagb-icon-list uagb-block-a55c725e\"><div class=\"uagb-icon-list__wrap\">\n<div class=\"wp-block-uagb-icon-list-child uagb-block-1eb2ff2e\"><span class=\"uagb-icon-list__source-wrap\"><img decoding=\"async\" class=\"uagb-icon-list__source-image\" src=\"https:\/\/www.membership-fitness.com\/wp-content\/uploads\/2023\/01\/Members_icon.png\" width=\"30\" height=\"30\" loading=\"lazy\" alt=\"\"\/><\/span><span class=\"uagb-icon-list__label\">MIEMBROS<\/span><\/div>\n\n\n\n<div class=\"wp-block-uagb-icon-list-child uagb-block-87c99bbb\"><span class=\"uagb-icon-list__source-wrap\"><img decoding=\"async\" class=\"uagb-icon-list__source-image\" src=\"https:\/\/www.membership-fitness.com\/wp-content\/uploads\/2023\/01\/Finances_icon.png\" width=\"30\" height=\"30\" loading=\"lazy\" alt=\"\"\/><\/span><span class=\"uagb-icon-list__label\">FINANZAS<\/span><\/div>\n\n\n\n<div class=\"wp-block-uagb-icon-list-child uagb-block-fe136f6c\"><span class=\"uagb-icon-list__source-wrap\"><img decoding=\"async\" class=\"uagb-icon-list__source-image\" src=\"https:\/\/www.membership-fitness.com\/wp-content\/uploads\/2023\/01\/Memberships_icon.png\" width=\"30\" height=\"30\" loading=\"lazy\" alt=\"\"\/><\/span><span class=\"uagb-icon-list__label\">MEMBRES\u00cdAS<\/span><\/div>\n\n\n\n<div class=\"wp-block-uagb-icon-list-child uagb-block-3b6cfa5f\"><span class=\"uagb-icon-list__source-wrap\"><img decoding=\"async\" class=\"uagb-icon-list__source-image\" src=\"https:\/\/www.membership-fitness.com\/wp-content\/uploads\/2023\/01\/Club_icon.png\" width=\"30\" height=\"30\" loading=\"lazy\" alt=\"\"\/><\/span><span class=\"uagb-icon-list__label\">CLUB<\/span><\/div>\n\n\n\n<div class=\"wp-block-uagb-icon-list-child uagb-block-e8760538\"><span class=\"uagb-icon-list__source-wrap\"><img decoding=\"async\" class=\"uagb-icon-list__source-image\" src=\"https:\/\/www.membership-fitness.com\/wp-content\/uploads\/2023\/01\/Management_icon.png\" width=\"30\" height=\"30\" loading=\"lazy\" alt=\"\"\/><\/span><span class=\"uagb-icon-list__label\">GESTI\u00d3N<\/span><\/div>\n<\/div><\/div>\n<\/div>\n<\/div><\/div>\n\n<div class=\"wp-block-uagb-container uagb-block-5e42e3e8 alignfull uagb-is-root-container\"><div class=\"uagb-container-inner-blocks-wrap\">\n<div class=\"wp-block-uagb-container uagb-block-2160d0ce\">\n<div class=\"wp-block-uagb-container uagb-block-b3487f9c\">\n<div class=\"wp-block-uagb-image uagb-block-b80cd231 wp-block-uagb-image--layout-default wp-block-uagb-image--effect-static wp-block-uagb-image--align-none\"><figure class=\"wp-block-uagb-image__figure\"><img decoding=\"async\" srcset=\"https:\/\/www.membership-fitness.com\/wp-content\/uploads\/2024\/04\/Homepage_image_02.png ,https:\/\/www.membership-fitness.com\/wp-content\/uploads\/2024\/04\/Homepage_image_02.png 780w, https:\/\/www.membership-fitness.com\/wp-content\/uploads\/2024\/04\/Homepage_image_02-300x255.png 360w\" sizes=\"auto, (max-width: 480px) 150px\" src=\"https:\/\/www.membership-fitness.com\/wp-content\/uploads\/2024\/04\/Homepage_image_02.png\" alt=\"\" class=\"uag-image-4417\" width=\"500\" height=\"850\" title=\"\" loading=\"lazy\"><\/figure><\/div>\n<\/div>\n\n\n\n<div class=\"wp-block-uagb-container uag-blocks-common-selector uagb-block-e9bfe758\">\n<div class=\"wp-block-uagb-advanced-heading uagb-block-e919bad6 uag-blocks-common-selector\" style=\"--z-index-desktop:1;;--z-index-tablet:undefined;;--z-index-mobile:undefined;\"><h2 class=\"uagb-heading-text\">LIGHT<br\/>APP.<br\/>INTUITIVO<br\/>USO.<\/h2><\/div>\n\n\n\n<div class=\"wp-block-uagb-advanced-heading uagb-block-5d5d2267 uag-blocks-common-selector\" style=\"--z-index-desktop:5;;--z-index-tablet:undefined;;--z-index-mobile:undefined;\"><h2 class=\"uagb-heading-text\">MEMBERSHIP APP<\/h2><\/div>\n\n\n\n<div class=\"wp-block-uagb-advanced-heading uagb-block-b9893383 uag-blocks-common-selector\" style=\"--z-index-desktop:5;;--z-index-tablet:undefined;;--z-index-mobile:undefined;\"><h2 class=\"uagb-heading-text\">Inscripci\u00f3n en un abrir y cerrar de ojos, recogida de informaci\u00f3n de pago, un c\u00f3digo QR para la entrada al gimnasio y una opci\u00f3n para informar del problema.<br\/><br\/>Suficiente para ofrecer a sus clientes una experiencia de fitness sin problemas, aumentar la tasa de retenci\u00f3n de su gimnasio y captar nuevos socios.<\/h2><\/div>\n<\/div>\n<\/div>\n<\/div><\/div>\n\n<div class=\"wp-block-uagb-container uagb-block-7dca7f2d alignfull uagb-is-root-container\"><div class=\"uagb-container-inner-blocks-wrap\">\n<div class=\"wp-block-uagb-container uagb-block-6b5d3873\">\n<div class=\"wp-block-uagb-image aligncenter uagb-block-2c9c8edc wp-block-uagb-image--layout-default wp-block-uagb-image--effect-static wp-block-uagb-image--align-center\"><figure class=\"wp-block-uagb-image__figure\"><img decoding=\"async\" srcset=\"https:\/\/www.membership-fitness.com\/wp-content\/uploads\/2024\/04\/Homepage_image_03-1.jpg ,https:\/\/www.membership-fitness.com\/wp-content\/uploads\/2024\/04\/Homepage_image_03-1.jpg 780w\" sizes=\"auto, (max-width: 480px) 150px\" src=\"https:\/\/www.membership-fitness.com\/wp-content\/uploads\/2024\/04\/Homepage_image_03-1.jpg\" alt=\"\" class=\"uag-image-4283\" width=\"200\" height=\"200\" title=\"\" loading=\"lazy\"><\/figure><\/div>\n\n\n\n<div class=\"wp-block-uagb-advanced-heading uagb-block-bd33f5e0\"><h2 class=\"uagb-heading-text\">\u00bfA\u00daN NO EST\u00c1 SEGURO DE SI LA AFILIACI\u00d3N ES LA MEJOR OPCI\u00d3N PARA SU NEGOCIO DE FITNESS?<\/h2><\/div>\n\n\n\n<div class=\"wp-block-uagb-advanced-heading uagb-block-1de48be0\"><h2 class=\"uagb-heading-text\">Reserve una demostraci\u00f3n y descubra c\u00f3mo nuestro servicio puede llevar su negocio a nuevas cotas.<\/h2><\/div>\n\n\n\n<div class=\"wp-block-uagb-buttons uagb-buttons__outer-wrap uagb-btn__default-btn uagb-btn-tablet__default-btn uagb-btn-mobile__medium-btn uagb-block-73b561a7\"><div class=\"uagb-buttons__wrap uagb-buttons-layout-wrap\">\n<div class=\"wp-block-uagb-buttons-child uagb-buttons__outer-wrap uagb-block-3640358f wp-block-button is-style-outline\"><div class=\"uagb-button__wrapper\"><a class=\"uagb-buttons-repeater wp-block-button__link has-background has-text-color\" href=\"https:\/\/demo.membership-fitness.com\/\" onclick=\"return true;\" rel=\"follow noopener\" target=\"_blank\"><div class=\"uagb-button__link\">RESERVAR DEMO<\/div><\/a><\/div><\/div>\n<\/div><\/div>\n<\/div>\n<\/div><\/div>\n\n<div class=\"wp-block-uagb-container uagb-block-3c002867 alignfull uagb-is-root-container\"><div class=\"uagb-container-inner-blocks-wrap\">\n<div class=\"wp-block-uagb-container uagb-block-045922c5\">\n<div class=\"wp-block-uagb-container uagb-block-be8ca78b\">\n<div class=\"wp-block-uagb-container uagb-block-682ace5a\">\n<div class=\"wp-block-uagb-advanced-heading uagb-block-1ca91365\"><h2 class=\"uagb-heading-text\">MISI\u00d3N<\/h2><\/div>\n<\/div>\n\n\n\n<div class=\"wp-block-uagb-advanced-heading uagb-block-0f8d0463\"><h2 class=\"uagb-heading-text\">Los peque\u00f1os gimnasios de barrio suelen ofrecer un servicio excepcional. Sin embargo, demasiados de ellos luchan con un software de gesti\u00f3n complejo y caro. \u00bfNo crees que perder tiempo y dinero es un mal comienzo para tu negocio de fitness?  <br\/><br\/>Pues bien, hemos decidido echar una mano a los que acab\u00e1is de fundar vuestros gimnasios. Entendemos que vuestros presupuestos son ajustados y que ten\u00e9is muchas cosas entre manos en esta fase de desarrollo del negocio. <br\/><br\/>La herramienta de gesti\u00f3n ligera, sencilla, c\u00f3moda y asequible. Visi\u00f3n clara de todos los clientes y sus afiliaciones, finanzas, comunicaci\u00f3n y gesti\u00f3n. Cubrimos todos los campos principales sin complementos innecesarios que te ralenticen.  <\/h2><\/div>\n<\/div>\n\n\n\n<div class=\"wp-block-uagb-container uagb-block-6bdfe87f\">\n<div class=\"wp-block-uagb-image aligncenter uagb-block-65dbc8af wp-block-uagb-image--layout-default wp-block-uagb-image--effect-static wp-block-uagb-image--align-center\"><figure class=\"wp-block-uagb-image__figure\"><img decoding=\"async\" srcset=\"https:\/\/www.membership-fitness.com\/wp-content\/uploads\/2024\/04\/Homepage_image_03.png ,https:\/\/www.membership-fitness.com\/wp-content\/uploads\/2024\/04\/Homepage_image_03.png 780w\" sizes=\"auto, (max-width: 480px) 150px\" src=\"https:\/\/www.membership-fitness.com\/wp-content\/uploads\/2024\/04\/Homepage_image_03.png\" alt=\"\" class=\"uag-image-4450\" width=\"365\" height=\"700\" title=\"\" loading=\"lazy\"><\/figure><\/div>\n<\/div>\n<\/div>\n<\/div><\/div>\n\n<div class=\"wp-block-uagb-container uagb-block-cb94e020 alignfull uagb-is-root-container\"><div class=\"uagb-container-inner-blocks-wrap\">\n<div class=\"wp-block-uagb-advanced-heading uagb-block-3e65f304\"><h2 class=\"uagb-heading-text\">SUBE EL NIVEL DE TU GIMNASIO<\/h2><\/div>\n\n\n\n<div class=\"wp-block-uagb-advanced-heading uagb-block-623ced7a\"><h2 class=\"uagb-heading-text\">Aumente la eficacia de su empresa.<\/h2><\/div>\n\n\n\n<div class=\"wp-block-uagb-buttons uagb-buttons__outer-wrap uagb-btn__default-btn uagb-btn-tablet__default-btn uagb-btn-mobile__medium-btn uagb-block-19ad1fd3\"><div class=\"uagb-buttons__wrap uagb-buttons-layout-wrap\">\n<div class=\"wp-block-uagb-buttons-child uagb-buttons__outer-wrap uagb-block-d2a501e5 wp-block-button is-style-outline\"><div class=\"uagb-button__wrapper\"><a class=\"uagb-buttons-repeater wp-block-button__link has-background has-text-color\" href=\"https:\/\/www.membership-fitness.com\/start-trial\/\" onclick=\"return true;\" rel=\"follow noopener\" target=\"_self\"><div class=\"uagb-button__link\">Iniciar una prueba gratuita de 30 d\u00edas<\/div><\/a><\/div><\/div>\n<\/div><\/div>\n<\/div><\/div>\n","protected":false},"excerpt":{"rendered":"<p>MEJORA TU NEGOCIO DE FITNESS Todo en uno, una soluci\u00f3n de software limpia para eliminar las tareas administrativas y agilizar todos los aspectos de su negocio de fitness. ACERCA DEMEMBERSHIP Simplifique la gesti\u00f3n de su gimnasio. Perm\u00edtase a usted y a sus clientes centrarse en lo que importa. Deje de perder horas en complejos programas [&hellip;]<\/p>\n","protected":false},"author":1,"featured_media":0,"parent":0,"menu_order":0,"comment_status":"closed","ping_status":"closed","template":"","meta":{"_uag_custom_page_level_css":"","site-sidebar-layout":"default","site-content-layout":"page-builder","ast-site-content-layout":"full-width-container","site-content-style":"unboxed","site-sidebar-style":"unboxed","ast-global-header-display":"","ast-banner-title-visibility":"","ast-main-header-display":"","ast-hfb-above-header-display":"","ast-hfb-below-header-display":"","ast-hfb-mobile-header-display":"","site-post-title":"disabled","ast-breadcrumbs-content":"","ast-featured-img":"","footer-sml-layout":"","theme-transparent-header-meta":"enabled","adv-header-id-meta":"","stick-header-meta":"","header-above-stick-meta":"","header-main-stick-meta":"","header-below-stick-meta":"","astra-migrate-meta-layouts":"default","ast-page-background-enabled":"default","ast-page-background-meta":{"desktop":{"background-color":"","background-image":"","background-repeat":"repeat","background-position":"center center","background-size":"auto","background-attachment":"scroll","background-type":"","background-media":"","overlay-type":"","overlay-color":"","overlay-opacity":"","overlay-gradient":""},"tablet":{"background-color":"","background-image":"","background-repeat":"repeat","background-position":"center center","background-size":"auto","background-attachment":"scroll","background-type":"","background-media":"","overlay-type":"","overlay-color":"","overlay-opacity":"","overlay-gradient":""},"mobile":{"background-color":"","background-image":"","background-repeat":"repeat","background-position":"center center","background-size":"auto","background-attachment":"scroll","background-type":"","background-media":"","overlay-type":"","overlay-color":"","overlay-opacity":"","overlay-gradient":""}},"ast-content-background-meta":{"desktop":{"background-color":"var(--ast-global-color-5)","background-image":"","background-repeat":"repeat","background-position":"center center","background-size":"auto","background-attachment":"scroll","background-type":"","background-media":"","overlay-type":"","overlay-color":"","overlay-opacity":"","overlay-gradient":""},"tablet":{"background-color":"var(--ast-global-color-5)","background-image":"","background-repeat":"repeat","background-position":"center center","background-size":"auto","background-attachment":"scroll","background-type":"","background-media":"","overlay-type":"","overlay-color":"","overlay-opacity":"","overlay-gradient":""},"mobile":{"background-color":"var(--ast-global-color-5)","background-image":"","background-repeat":"repeat","background-position":"center center","background-size":"auto","background-attachment":"scroll","background-type":"","background-media":"","overlay-type":"","overlay-color":"","overlay-opacity":"","overlay-gradient":""}},"footnotes":""},"class_list":["post-5068","page","type-page","status-publish","hentry"],"uagb_featured_image_src":{"full":false,"thumbnail":false,"medium":false,"medium_large":false,"large":false,"1536x1536":false,"2048x2048":false},"uagb_author_info":{"display_name":"Andrea","author_link":"https:\/\/www.membership-fitness.com\/es\/author\/andrea\/"},"uagb_comment_info":0,"uagb_excerpt":"MEJORA TU NEGOCIO DE FITNESS Todo en uno, una soluci\u00f3n de software limpia para eliminar las tareas administrativas y agilizar todos los aspectos de su negocio de fitness. ACERCA DEMEMBERSHIP Simplifique la gesti\u00f3n de su gimnasio. Perm\u00edtase a usted y a sus clientes centrarse en lo que importa. Deje de perder horas en complejos programas&hellip;","_links":{"self":[{"href":"https:\/\/www.membership-fitness.com\/es\/wp-json\/wp\/v2\/pages\/5068","targetHints":{"allow":["GET"]}}],"collection":[{"href":"https:\/\/www.membership-fitness.com\/es\/wp-json\/wp\/v2\/pages"}],"about":[{"href":"https:\/\/www.membership-fitness.com\/es\/wp-json\/wp\/v2\/types\/page"}],"author":[{"embeddable":true,"href":"https:\/\/www.membership-fitness.com\/es\/wp-json\/wp\/v2\/users\/1"}],"replies":[{"embeddable":true,"href":"https:\/\/www.membership-fitness.com\/es\/wp-json\/wp\/v2\/comments?post=5068"}],"version-history":[{"count":1,"href":"https:\/\/www.membership-fitness.com\/es\/wp-json\/wp\/v2\/pages\/5068\/revisions"}],"predecessor-version":[{"id":5069,"href":"https:\/\/www.membership-fitness.com\/es\/wp-json\/wp\/v2\/pages\/5068\/revisions\/5069"}],"wp:attachment":[{"href":"https:\/\/www.membership-fitness.com\/es\/wp-json\/wp\/v2\/media?parent=5068"}],"curies":[{"name":"wp","href":"https:\/\/api.w.org\/{rel}","templated":true}]}}