{"id":5022,"date":"2023-01-25T11:09:35","date_gmt":"2023-01-25T11:09:35","guid":{"rendered":"https:\/\/www.membership-fitness.com\/start-testversion\/"},"modified":"2024-09-26T13:45:27","modified_gmt":"2024-09-26T13:45:27","slug":"start-testversion","status":"publish","type":"page","link":"https:\/\/www.membership-fitness.com\/de\/start-testversion\/","title":{"rendered":"Start testversion"},"content":{"rendered":"\n<div class=\"wp-block-uagb-container uagb-block-3c98d2a9 alignfull uagb-is-root-container\"><div class=\"uagb-container-inner-blocks-wrap\">\n<div class=\"wp-block-uagb-container uagb-block-1444ce1f\">\n<div class=\"wp-block-uagb-container uagb-block-80a6683b\">\n<div class=\"wp-block-uagb-advanced-heading uagb-block-2fc8a91d\"><h2 class=\"uagb-heading-text\">STARTEN SIE IHREN KOSTENLOSEN TESTVERSION<\/h2><\/div>\n\n\n\n<div class=\"wp-block-uagb-advanced-heading uagb-block-58beda98\"><h2 class=\"uagb-heading-text\">Keine Verpflichtungen, keine versteckten Geb\u00fchren, testen Sie unseren Service 30 Tage lang kostenlos.<\/h2><\/div>\n<\/div>\n<\/div>\n<\/div><\/div>\n\n<div class=\"wp-block-uagb-container uagb-block-82b91989 alignfull uagb-is-root-container\"><div class=\"uagb-container-inner-blocks-wrap\">\n<div class=\"wp-block-uagb-container uagb-block-33067f6e\">\n<div class=\"wp-block-uagb-container uagb-block-c22ec9cc\">\n<div class=\"wp-block-uagb-advanced-heading uagb-block-170f32c2\"><h2 class=\"uagb-heading-text\">Sie k\u00f6nnen jetzt alle Vorteile unseres Mitgliedschaftsdienstes 30 Tage lang v\u00f6llig kostenlos testen. Es gibt keine versteckten Kosten und Sie k\u00f6nnen jederzeit w\u00e4hrend des Testzeitraums k\u00fcndigen. <\/h2><\/div>\n\n\n\n<div class=\"wp-block-uagb-advanced-heading uagb-block-e18b0f75\"><h2 class=\"uagb-heading-text\">Laden Sie einfach das Anmeldeformular \u00fcber den unten stehenden Link herunter, f\u00fcllen Sie es aus und senden Sie es an <a href=\"mailto:support@membership.com\">support@membership.com<\/a>. Sobald wir Ihr Formular erhalten haben, senden wir Ihnen Ihre Zugangsdaten zu! <\/h2><\/div>\n\n\n\n<div class=\"wp-block-uagb-advanced-heading uagb-block-8552708f\"><h2 class=\"uagb-heading-text\"><a href=\"https:\/\/www.membership-fitness.com\/wp-content\/uploads\/2024\/04\/Registration_form_EN_v001.pdf\" target=\"_blank\" rel=\"noreferrer noopener\"><\/a><a href=\"https:\/\/www.membership-fitness.com\/wp-content\/uploads\/2024\/04\/Registration_form_EN_v001.pdf\">Download Anmeldeformular EN<\/a><\/h2><\/div>\n\n\n\n<div class=\"wp-block-uagb-advanced-heading uagb-block-18678ea5\"><h2 class=\"uagb-heading-text\"><a href=\"https:\/\/www.membership-fitness.com\/wp-content\/uploads\/2024\/04\/Registration_form_DE_v001.pdf\" target=\"_blank\" rel=\"noreferrer noopener\"><\/a><a href=\"https:\/\/www.membership-fitness.com\/wp-content\/uploads\/2024\/04\/Registration_form_DE_v001.pdf\">Download Anmeldeformular DE<\/a><\/h2><\/div>\n\n\n\n<div class=\"wp-block-uagb-advanced-heading uagb-block-f05ece03\"><h2 class=\"uagb-heading-text\">Danke, dass Sie sich f\u00fcr uns entschieden haben. Wir k\u00f6nnen es kaum erwarten zu sehen, wie die Mitgliedschaft Ihr Unternehmen ver\u00e4ndert! <\/h2><\/div>\n<\/div>\n<\/div>\n<\/div><\/div>\n\n<div class=\"wp-block-uagb-container uagb-block-8ad74f02 alignfull uagb-is-root-container\"><div class=\"uagb-container-inner-blocks-wrap\">\n<div class=\"wp-block-uagb-container uagb-block-3c6abab6\">\n<div class=\"wp-block-uagb-container uagb-block-512f88ec\">\n<div class=\"wp-block-uagb-image aligncenter uagb-block-d5033957 wp-block-uagb-image--layout-default wp-block-uagb-image--effect-static wp-block-uagb-image--align-center\"><figure class=\"wp-block-uagb-image__figure\"><img decoding=\"async\" srcset=\"https:\/\/www.membership-fitness.com\/wp-content\/uploads\/2024\/04\/Homepage_image_03-1.jpg ,https:\/\/www.membership-fitness.com\/wp-content\/uploads\/2024\/04\/Homepage_image_03-1.jpg 780w\" sizes=\"auto, (max-width: 480px) 150px\" src=\"https:\/\/www.membership-fitness.com\/wp-content\/uploads\/2024\/04\/Homepage_image_03-1.jpg\" alt=\"\" class=\"uag-image-4283\" width=\"200\" height=\"200\" title=\"\" loading=\"lazy\"><\/figure><\/div>\n\n\n\n<div class=\"wp-block-uagb-advanced-heading uagb-block-5145ee80\"><h2 class=\"uagb-heading-text\">SIE SIND SICH NOCH NICHT SICHER, OB EINE MEMEBRSHIP DAS RICHTIGE F\u00dcR IHR FITNESSUNTERNEHMEN IST?<\/h2><\/div>\n\n\n\n<div class=\"wp-block-uagb-advanced-heading uagb-block-3387ee6a\"><h2 class=\"uagb-heading-text\">Buchen Sie eine Demo und entdecken Sie, wie unser Service Ihrem Unternehmen zu neuen H\u00f6henfl\u00fcgen verhelfen kann!<\/h2><\/div>\n\n\n\n<div class=\"wp-block-uagb-buttons uagb-buttons__outer-wrap uagb-btn__default-btn uagb-btn-tablet__default-btn uagb-btn-mobile__medium-btn uagb-block-603b6dcd\"><div class=\"uagb-buttons__wrap uagb-buttons-layout-wrap\">\n<div class=\"wp-block-uagb-buttons-child uagb-buttons__outer-wrap uagb-block-cb0dcce2 wp-block-button is-style-outline\"><div class=\"uagb-button__wrapper\"><a class=\"uagb-buttons-repeater wp-block-button__link has-background has-text-color\" href=\"https:\/\/demo.membership-fitness.com\/\" onclick=\"return true;\" rel=\"follow noopener\" target=\"_blank\"><div class=\"uagb-button__link\">DEMO BUCHEN<\/div><\/a><\/div><\/div>\n<\/div><\/div>\n<\/div>\n<\/div>\n<\/div><\/div>\n","protected":false},"excerpt":{"rendered":"<p>STARTEN SIE IHREN KOSTENLOSEN TESTVERSION Keine Verpflichtungen, keine versteckten Geb\u00fchren, testen Sie unseren Service 30 Tage lang kostenlos. Sie k\u00f6nnen jetzt alle Vorteile unseres Mitgliedschaftsdienstes 30 Tage lang v\u00f6llig kostenlos testen. Es gibt keine versteckten Kosten und Sie k\u00f6nnen jederzeit w\u00e4hrend des Testzeitraums k\u00fcndigen. Laden Sie einfach das Anmeldeformular \u00fcber den unten stehenden Link herunter, [&hellip;]<\/p>\n","protected":false},"author":1,"featured_media":0,"parent":0,"menu_order":0,"comment_status":"closed","ping_status":"closed","template":"","meta":{"_uag_custom_page_level_css":"","site-sidebar-layout":"default","site-content-layout":"page-builder","ast-site-content-layout":"","site-content-style":"default","site-sidebar-style":"default","ast-global-header-display":"","ast-banner-title-visibility":"","ast-main-header-display":"","ast-hfb-above-header-display":"","ast-hfb-below-header-display":"","ast-hfb-mobile-header-display":"","site-post-title":"disabled","ast-breadcrumbs-content":"","ast-featured-img":"","footer-sml-layout":"","theme-transparent-header-meta":"enabled","adv-header-id-meta":"","stick-header-meta":"","header-above-stick-meta":"","header-main-stick-meta":"","header-below-stick-meta":"","astra-migrate-meta-layouts":"default","ast-page-background-enabled":"default","ast-page-background-meta":{"desktop":{"background-color":"","background-image":"","background-repeat":"repeat","background-position":"center center","background-size":"auto","background-attachment":"scroll","background-type":"","background-media":"","overlay-type":"","overlay-color":"","overlay-opacity":"","overlay-gradient":""},"tablet":{"background-color":"","background-image":"","background-repeat":"repeat","background-position":"center center","background-size":"auto","background-attachment":"scroll","background-type":"","background-media":"","overlay-type":"","overlay-color":"","overlay-opacity":"","overlay-gradient":""},"mobile":{"background-color":"","background-image":"","background-repeat":"repeat","background-position":"center center","background-size":"auto","background-attachment":"scroll","background-type":"","background-media":"","overlay-type":"","overlay-color":"","overlay-opacity":"","overlay-gradient":""}},"ast-content-background-meta":{"desktop":{"background-color":"var(--ast-global-color-5)","background-image":"","background-repeat":"repeat","background-position":"center center","background-size":"auto","background-attachment":"scroll","background-type":"","background-media":"","overlay-type":"","overlay-color":"","overlay-opacity":"","overlay-gradient":""},"tablet":{"background-color":"var(--ast-global-color-5)","background-image":"","background-repeat":"repeat","background-position":"center center","background-size":"auto","background-attachment":"scroll","background-type":"","background-media":"","overlay-type":"","overlay-color":"","overlay-opacity":"","overlay-gradient":""},"mobile":{"background-color":"var(--ast-global-color-5)","background-image":"","background-repeat":"repeat","background-position":"center center","background-size":"auto","background-attachment":"scroll","background-type":"","background-media":"","overlay-type":"","overlay-color":"","overlay-opacity":"","overlay-gradient":""}},"footnotes":""},"class_list":["post-5022","page","type-page","status-publish","hentry"],"uagb_featured_image_src":{"full":false,"thumbnail":false,"medium":false,"medium_large":false,"large":false,"1536x1536":false,"2048x2048":false},"uagb_author_info":{"display_name":"Andrea","author_link":"https:\/\/www.membership-fitness.com\/de\/author\/andrea\/"},"uagb_comment_info":0,"uagb_excerpt":"STARTEN SIE IHREN KOSTENLOSEN TESTVERSION Keine Verpflichtungen, keine versteckten Geb\u00fchren, testen Sie unseren Service 30 Tage lang kostenlos. Sie k\u00f6nnen jetzt alle Vorteile unseres Mitgliedschaftsdienstes 30 Tage lang v\u00f6llig kostenlos testen. Es gibt keine versteckten Kosten und Sie k\u00f6nnen jederzeit w\u00e4hrend des Testzeitraums k\u00fcndigen. Laden Sie einfach das Anmeldeformular \u00fcber den unten stehenden Link herunter,&hellip;","_links":{"self":[{"href":"https:\/\/www.membership-fitness.com\/de\/wp-json\/wp\/v2\/pages\/5022","targetHints":{"allow":["GET"]}}],"collection":[{"href":"https:\/\/www.membership-fitness.com\/de\/wp-json\/wp\/v2\/pages"}],"about":[{"href":"https:\/\/www.membership-fitness.com\/de\/wp-json\/wp\/v2\/types\/page"}],"author":[{"embeddable":true,"href":"https:\/\/www.membership-fitness.com\/de\/wp-json\/wp\/v2\/users\/1"}],"replies":[{"embeddable":true,"href":"https:\/\/www.membership-fitness.com\/de\/wp-json\/wp\/v2\/comments?post=5022"}],"version-history":[{"count":1,"href":"https:\/\/www.membership-fitness.com\/de\/wp-json\/wp\/v2\/pages\/5022\/revisions"}],"predecessor-version":[{"id":5023,"href":"https:\/\/www.membership-fitness.com\/de\/wp-json\/wp\/v2\/pages\/5022\/revisions\/5023"}],"wp:attachment":[{"href":"https:\/\/www.membership-fitness.com\/de\/wp-json\/wp\/v2\/media?parent=5022"}],"curies":[{"name":"wp","href":"https:\/\/api.w.org\/{rel}","templated":true}]}}