{"id":5006,"date":"2022-12-13T05:56:51","date_gmt":"2022-12-13T05:56:51","guid":{"rendered":"https:\/\/www.membership-fitness.com\/startseite\/"},"modified":"2024-09-27T08:59:05","modified_gmt":"2024-09-27T08:59:05","slug":"startseite","status":"publish","type":"page","link":"https:\/\/www.membership-fitness.com\/de\/","title":{"rendered":"Startseite"},"content":{"rendered":"\n<div class=\"wp-block-uagb-container uag-blocks-common-selector uagb-block-ceee022f alignfull uagb-is-root-container\"><div class=\"uagb-container-inner-blocks-wrap\">\n<div class=\"wp-block-uagb-container uagb-block-4a5cddb8\">\n<div class=\"wp-block-uagb-container uagb-block-e0e54f47\">\n<div class=\"wp-block-uagb-advanced-heading uagb-block-c5e8c983\"><h2 class=\"uagb-heading-text\">BAUEN SIE IHR FITNESSGESCH\u00c4FT AUS<\/h2><\/div>\n\n\n\n<div class=\"wp-block-uagb-advanced-heading uagb-block-dea6af2c\"><h2 class=\"uagb-heading-text\">Alles in einer einzigen, sauberen Softwarel\u00f6sung, mit der Sie alle administrativen Aufgaben abnehmen und jeden Aspekt Ihres Fitnessgesch\u00e4fts optimieren k\u00f6nnen.<\/h2><\/div>\n\n\n\n<div class=\"wp-block-uagb-buttons uagb-buttons__outer-wrap uagb-btn__default-btn uagb-btn-tablet__default-btn uagb-btn-mobile__medium-btn uagb-block-d384b375\"><div class=\"uagb-buttons__wrap uagb-buttons-layout-wrap\">\n<div class=\"wp-block-uagb-buttons-child uagb-buttons__outer-wrap uagb-block-bb135f22 wp-block-button is-style-outline\"><div class=\"uagb-button__wrapper\"><a class=\"uagb-buttons-repeater wp-block-button__link has-background has-text-color\" href=\"https:\/\/www.membership-fitness.com\/de\/start-testversion\/\" onclick=\"return true;\" rel=\"follow noopener\" target=\"_self\"><div class=\"uagb-button__link\">KOSTENLOSES PROBIEREN<\/div><\/a><\/div><\/div>\n\n\n\n<div class=\"wp-block-uagb-buttons-child uagb-buttons__outer-wrap uagb-block-c0697eeb wp-block-button is-style-outline\"><div class=\"uagb-button__wrapper\"><a class=\"uagb-buttons-repeater wp-block-button__link has-background has-text-color\" href=\"https:\/\/demo.membership-fitness.com\/\" onclick=\"return true;\" rel=\"follow noopener\" target=\"_blank\"><div class=\"uagb-button__link\">DEMO BUCHEN<\/div><\/a><\/div><\/div>\n<\/div><\/div>\n<\/div>\n<\/div>\n<\/div><\/div>\n\n<div class=\"wp-block-uagb-container uag-blocks-common-selector uagb-block-31258d27 alignfull uagb-is-root-container\"><div class=\"uagb-container-inner-blocks-wrap\">\n<div class=\"wp-block-uagb-container uagb-block-f24eeb2c\">\n<div class=\"wp-block-uagb-container uagb-block-465c38dd\">\n<div class=\"wp-block-uagb-advanced-heading uagb-block-32094996\"><h2 class=\"uagb-heading-text\">\u00dcBER<br\/>MEMBERSHIP<\/h2><\/div>\n\n\n\n<div class=\"wp-block-uagb-advanced-heading uagb-block-4062f28e\"><h2 class=\"uagb-heading-text\">Vereinfachen Sie die Art und Weise, wie Sie Ihr Fitnessstudio betreiben.\nLassen Sie sich und Ihre Kunden auf das Wesentliche konzentrieren.\nVerschwenden Sie keine Stunden mehr mit der komplexen Software, die ein Verm\u00f6gen kostet.\nMit Membership k\u00f6nnen Sie:   <\/h2><\/div>\n\n\n\n<div class=\"wp-block-uagb-advanced-heading uagb-block-bbbd4ec7\"><h2 class=\"uagb-heading-text\">&#8211; erhalten Sie einen vollst\u00e4ndigen \u00dcberblick \u00fcber Ihre Kunden<br\/>&#8211; kommunizieren Sie mit ihnen<br\/>&#8211; automatisieren Sie ihre Zahlungen<br\/>&#8211; pr\u00e4sentieren Sie Ihre Angebote<br\/>&#8211; verwalten Sie Ihr Fitnessstudio effizient<\/h2><\/div>\n<\/div>\n\n\n\n<div class=\"wp-block-uagb-container uagb-block-3fc19ece\">\n<div class=\"wp-block-uagb-image uagb-block-4990a0be wp-block-uagb-image--layout-default wp-block-uagb-image--effect-static wp-block-uagb-image--align-none\"><figure class=\"wp-block-uagb-image__figure\"><img decoding=\"async\" srcset=\"https:\/\/www.membership-fitness.com\/wp-content\/uploads\/2024\/04\/Homepage_image_01-1-1024x676.png ,https:\/\/www.membership-fitness.com\/wp-content\/uploads\/2024\/04\/Homepage_image_01.png 780w, https:\/\/www.membership-fitness.com\/wp-content\/uploads\/2024\/04\/Homepage_image_01-1.png 360w\" sizes=\"auto, (max-width: 480px) 150px\" src=\"https:\/\/www.membership-fitness.com\/wp-content\/uploads\/2024\/04\/Homepage_image_01-1-1024x676.png\" alt=\"\" class=\"uag-image-4597\" width=\"1024\" height=\"676\" title=\"\" loading=\"lazy\"><\/figure><\/div>\n<\/div>\n<\/div>\n<\/div><\/div>\n\n<div class=\"wp-block-uagb-container uagb-block-ea987848 alignfull uagb-is-root-container\"><div class=\"uagb-container-inner-blocks-wrap\">\n<div class=\"wp-block-uagb-container uag-blocks-common-selector uagb-block-c6103542\">\n<div class=\"wp-block-uagb-container uagb-block-42889c7d\">\n<div class=\"wp-block-uagb-container uagb-block-158996d8\">\n<div class=\"wp-block-uagb-image aligncenter uagb-block-51bb8f83 wp-block-uagb-image--layout-default wp-block-uagb-image--effect-static wp-block-uagb-image--align-center\"><figure class=\"wp-block-uagb-image__figure\"><img decoding=\"async\" srcset=\"https:\/\/www.membership-fitness.com\/wp-content\/uploads\/2024\/04\/Membership_logo_mark_01.png ,https:\/\/www.membership-fitness.com\/wp-content\/uploads\/2024\/04\/Membership_logo_mark_01.png 780w, https:\/\/www.membership-fitness.com\/wp-content\/uploads\/2024\/04\/Membership_logo_mark_01.png 360w\" sizes=\"auto, (max-width: 480px) 150px\" src=\"https:\/\/www.membership-fitness.com\/wp-content\/uploads\/2024\/04\/Membership_logo_mark_01.png\" alt=\"\" class=\"uag-image-4403\" width=\"50\" height=\"50\" title=\"\" loading=\"lazy\"><\/figure><\/div>\n<\/div>\n\n\n\n<div class=\"wp-block-uagb-container uagb-block-03d44438\">\n<div class=\"wp-block-uagb-advanced-heading uagb-block-d677f328\"><h2 class=\"uagb-heading-text\">FEATURES<\/h2><\/div>\n<\/div>\n<\/div>\n\n\n\n<div class=\"wp-block-uagb-icon-list uagb-block-a55c725e\"><div class=\"uagb-icon-list__wrap\">\n<div class=\"wp-block-uagb-icon-list-child uagb-block-1eb2ff2e\"><span class=\"uagb-icon-list__source-wrap\"><img decoding=\"async\" class=\"uagb-icon-list__source-image\" src=\"https:\/\/www.membership-fitness.com\/wp-content\/uploads\/2023\/01\/Members_icon.png\" width=\"30\" height=\"30\" loading=\"lazy\" alt=\"\"\/><\/span><span class=\"uagb-icon-list__label\">MITGLIEDER<\/span><\/div>\n\n\n\n<div class=\"wp-block-uagb-icon-list-child uagb-block-87c99bbb\"><span class=\"uagb-icon-list__source-wrap\"><img decoding=\"async\" class=\"uagb-icon-list__source-image\" src=\"https:\/\/www.membership-fitness.com\/wp-content\/uploads\/2023\/01\/Finances_icon.png\" width=\"30\" height=\"30\" loading=\"lazy\" alt=\"\"\/><\/span><span class=\"uagb-icon-list__label\">FINANZEN<\/span><\/div>\n\n\n\n<div class=\"wp-block-uagb-icon-list-child uagb-block-fe136f6c\"><span class=\"uagb-icon-list__source-wrap\"><img decoding=\"async\" class=\"uagb-icon-list__source-image\" src=\"https:\/\/www.membership-fitness.com\/wp-content\/uploads\/2023\/01\/Memberships_icon.png\" width=\"30\" height=\"30\" loading=\"lazy\" alt=\"\"\/><\/span><span class=\"uagb-icon-list__label\">MITGLIEDSCHAFTEN<\/span><\/div>\n\n\n\n<div class=\"wp-block-uagb-icon-list-child uagb-block-3b6cfa5f\"><span class=\"uagb-icon-list__source-wrap\"><img decoding=\"async\" class=\"uagb-icon-list__source-image\" src=\"https:\/\/www.membership-fitness.com\/wp-content\/uploads\/2023\/01\/Club_icon.png\" width=\"30\" height=\"30\" loading=\"lazy\" alt=\"\"\/><\/span><span class=\"uagb-icon-list__label\">CLUB<\/span><\/div>\n\n\n\n<div class=\"wp-block-uagb-icon-list-child uagb-block-e8760538\"><span class=\"uagb-icon-list__source-wrap\"><img decoding=\"async\" class=\"uagb-icon-list__source-image\" src=\"https:\/\/www.membership-fitness.com\/wp-content\/uploads\/2023\/01\/Management_icon.png\" width=\"30\" height=\"30\" loading=\"lazy\" alt=\"\"\/><\/span><span class=\"uagb-icon-list__label\">MANAGEMENT<\/span><\/div>\n<\/div><\/div>\n<\/div>\n<\/div><\/div>\n\n<div class=\"wp-block-uagb-container uagb-block-5e42e3e8 alignfull uagb-is-root-container\"><div class=\"uagb-container-inner-blocks-wrap\">\n<div class=\"wp-block-uagb-container uagb-block-2160d0ce\">\n<div class=\"wp-block-uagb-container uagb-block-b3487f9c\">\n<div class=\"wp-block-uagb-image uagb-block-b80cd231 wp-block-uagb-image--layout-default wp-block-uagb-image--effect-static wp-block-uagb-image--align-none\"><figure class=\"wp-block-uagb-image__figure\"><img decoding=\"async\" srcset=\"https:\/\/www.membership-fitness.com\/wp-content\/uploads\/2024\/04\/Homepage_image_02.png ,https:\/\/www.membership-fitness.com\/wp-content\/uploads\/2024\/04\/Homepage_image_02.png 780w, https:\/\/www.membership-fitness.com\/wp-content\/uploads\/2024\/04\/Homepage_image_02-300x255.png 360w\" sizes=\"auto, (max-width: 480px) 150px\" src=\"https:\/\/www.membership-fitness.com\/wp-content\/uploads\/2024\/04\/Homepage_image_02.png\" alt=\"\" class=\"uag-image-4417\" width=\"500\" height=\"850\" title=\"\" loading=\"lazy\"><\/figure><\/div>\n<\/div>\n\n\n\n<div class=\"wp-block-uagb-container uag-blocks-common-selector uagb-block-e9bfe758\">\n<div class=\"wp-block-uagb-advanced-heading uagb-block-e919bad6 uag-blocks-common-selector\" style=\"--z-index-desktop:1;;--z-index-tablet:undefined;;--z-index-mobile:undefined;\"><h2 class=\"uagb-heading-text\">LEICHTE<br\/>APP.<br\/>INTUITIVE<br\/>BENUTZUNG.<\/h2><\/div>\n\n\n\n<div class=\"wp-block-uagb-advanced-heading uagb-block-5d5d2267 uag-blocks-common-selector\" style=\"--z-index-desktop:5;;--z-index-tablet:undefined;;--z-index-mobile:undefined;\"><h2 class=\"uagb-heading-text\">MEMBERSHIP APP<\/h2><\/div>\n\n\n\n<div class=\"wp-block-uagb-advanced-heading uagb-block-b9893383 uag-blocks-common-selector\" style=\"--z-index-desktop:5;;--z-index-tablet:undefined;;--z-index-mobile:undefined;\"><h2 class=\"uagb-heading-text\">Anmeldung im Handumdrehen, Erfassung von Zahlungsinformationen, ein QR-Code f\u00fcr den Eintritt ins Fitnessstudio und eine Option zur Meldung des Problems.<br\/><br\/>Genug, um Ihren Kunden ein reibungsloses Fitnesserlebnis zu bieten, die Bindungsrate Ihres Fitnessstudios zu erh\u00f6hen und neue Mitglieder zu gewinnen.<\/h2><\/div>\n<\/div>\n<\/div>\n<\/div><\/div>\n\n<div class=\"wp-block-uagb-container uagb-block-7dca7f2d alignfull uagb-is-root-container\"><div class=\"uagb-container-inner-blocks-wrap\">\n<div class=\"wp-block-uagb-container uagb-block-6b5d3873\">\n<div class=\"wp-block-uagb-image aligncenter uagb-block-2c9c8edc wp-block-uagb-image--layout-default wp-block-uagb-image--effect-static wp-block-uagb-image--align-center\"><figure class=\"wp-block-uagb-image__figure\"><img decoding=\"async\" srcset=\"https:\/\/www.membership-fitness.com\/wp-content\/uploads\/2024\/04\/Homepage_image_03-1.jpg ,https:\/\/www.membership-fitness.com\/wp-content\/uploads\/2024\/04\/Homepage_image_03-1.jpg 780w\" sizes=\"auto, (max-width: 480px) 150px\" src=\"https:\/\/www.membership-fitness.com\/wp-content\/uploads\/2024\/04\/Homepage_image_03-1.jpg\" alt=\"\" class=\"uag-image-4283\" width=\"200\" height=\"200\" title=\"\" loading=\"lazy\"><\/figure><\/div>\n\n\n\n<div class=\"wp-block-uagb-advanced-heading uagb-block-bd33f5e0\"><h2 class=\"uagb-heading-text\">SIE SIND NOCH NICHT SICHER, OB EINE MEMBERSHIP DAS RICHTIGE F\u00dcR IHR FITNESSGESCH\u00c4FT IST?<\/h2><\/div>\n\n\n\n<div class=\"wp-block-uagb-advanced-heading uagb-block-1de48be0\"><h2 class=\"uagb-heading-text\">Buchen Sie eine Demo und entdecken Sie, wie unser Service Ihrem Unternehmen zu neuen H\u00f6henfl\u00fcgen verhelfen kann!<\/h2><\/div>\n\n\n\n<div class=\"wp-block-uagb-buttons uagb-buttons__outer-wrap uagb-btn__default-btn uagb-btn-tablet__default-btn uagb-btn-mobile__medium-btn uagb-block-73b561a7\"><div class=\"uagb-buttons__wrap uagb-buttons-layout-wrap\">\n<div class=\"wp-block-uagb-buttons-child uagb-buttons__outer-wrap uagb-block-3640358f wp-block-button is-style-outline\"><div class=\"uagb-button__wrapper\"><a class=\"uagb-buttons-repeater wp-block-button__link has-background has-text-color\" href=\"https:\/\/demo.membership-fitness.com\/\" onclick=\"return true;\" rel=\"follow noopener\" target=\"_blank\"><div class=\"uagb-button__link\">DEMO BUCHEN<\/div><\/a><\/div><\/div>\n<\/div><\/div>\n<\/div>\n<\/div><\/div>\n\n<div class=\"wp-block-uagb-container uagb-block-3c002867 alignfull uagb-is-root-container\"><div class=\"uagb-container-inner-blocks-wrap\">\n<div class=\"wp-block-uagb-container uagb-block-045922c5\">\n<div class=\"wp-block-uagb-container uagb-block-be8ca78b\">\n<div class=\"wp-block-uagb-container uagb-block-682ace5a\">\n<div class=\"wp-block-uagb-advanced-heading uagb-block-1ca91365\"><h2 class=\"uagb-heading-text\">MISSION<\/h2><\/div>\n<\/div>\n\n\n\n<div class=\"wp-block-uagb-advanced-heading uagb-block-0f8d0463\"><h2 class=\"uagb-heading-text\">Kleine Fitnessstudios aus der Nachbarschaft bieten oft einen hervorragenden Service.\nAber zu viele von ihnen k\u00e4mpfen mit einer komplexen und teuren Verwaltungssoftware.\nGlauben Sie nicht, dass die Verschwendung von Zeit und Geld ein schlechter Start f\u00fcr Ihr Fitnessgesch\u00e4ft ist?  <br\/><br\/>Nun, wir haben beschlossen, denjenigen unter Ihnen, die gerade ihr Fitnessstudio gegr\u00fcndet haben, zu helfen.\nWir wissen, dass Ihre Budgets knapp bemessen sind und dass Sie in dieser Phase der Gesch\u00e4ftsentwicklung viel zu tun haben. <br\/><br\/>Das leichte, einfache, bequeme UND erschwingliche Verwaltungstool &#8211; mehr Unterst\u00fctzung k\u00f6nnen wir nicht gebrauchen.\nKlarer \u00dcberblick \u00fcber alle Kunden und ihre Mitgliedschaften, Finanzen, Kommunikation und Verwaltung.\nWir haben alle wichtigen Bereiche abgedeckt, ohne unn\u00f6tige Add-ons, die Sie ausbremsen w\u00fcrden.  <\/h2><\/div>\n<\/div>\n\n\n\n<div class=\"wp-block-uagb-container uagb-block-6bdfe87f\">\n<div class=\"wp-block-uagb-image aligncenter uagb-block-65dbc8af wp-block-uagb-image--layout-default wp-block-uagb-image--effect-static wp-block-uagb-image--align-center\"><figure class=\"wp-block-uagb-image__figure\"><img decoding=\"async\" srcset=\"https:\/\/www.membership-fitness.com\/wp-content\/uploads\/2024\/04\/Homepage_image_03.png ,https:\/\/www.membership-fitness.com\/wp-content\/uploads\/2024\/04\/Homepage_image_03.png 780w\" sizes=\"auto, (max-width: 480px) 150px\" src=\"https:\/\/www.membership-fitness.com\/wp-content\/uploads\/2024\/04\/Homepage_image_03.png\" alt=\"\" class=\"uag-image-4450\" width=\"365\" height=\"700\" title=\"\" loading=\"lazy\"><\/figure><\/div>\n<\/div>\n<\/div>\n<\/div><\/div>\n\n<div class=\"wp-block-uagb-container uagb-block-cb94e020 alignfull uagb-is-root-container\"><div class=\"uagb-container-inner-blocks-wrap\">\n<div class=\"wp-block-uagb-advanced-heading uagb-block-3e65f304\"><h2 class=\"uagb-heading-text\">BRINGEN SIE IHR FITNESSSTUDIO AUF VORDERMANN<\/h2><\/div>\n\n\n\n<div class=\"wp-block-uagb-advanced-heading uagb-block-623ced7a\"><h2 class=\"uagb-heading-text\">Machen Sie Ihr Gesch\u00e4ft effizienter.<\/h2><\/div>\n\n\n\n<div class=\"wp-block-uagb-buttons uagb-buttons__outer-wrap uagb-btn__default-btn uagb-btn-tablet__default-btn uagb-btn-mobile__medium-btn uagb-block-19ad1fd3\"><div class=\"uagb-buttons__wrap uagb-buttons-layout-wrap\">\n<div class=\"wp-block-uagb-buttons-child uagb-buttons__outer-wrap uagb-block-d2a501e5 wp-block-button is-style-outline\"><div class=\"uagb-button__wrapper\"><a class=\"uagb-buttons-repeater wp-block-button__link has-background has-text-color\" href=\"https:\/\/www.membership-fitness.com\/de\/start-testversion\/\" onclick=\"return true;\" rel=\"follow noopener\" target=\"_self\"><div class=\"uagb-button__link\">Starten Sie eine kostenlose 30-t\u00e4gige Testversion<\/div><\/a><\/div><\/div>\n<\/div><\/div>\n<\/div><\/div>\n","protected":false},"excerpt":{"rendered":"<p>BAUEN SIE IHR FITNESSGESCH\u00c4FT AUS Alles in einer einzigen, sauberen Softwarel\u00f6sung, mit der Sie alle administrativen Aufgaben abnehmen und jeden Aspekt Ihres Fitnessgesch\u00e4fts optimieren k\u00f6nnen. \u00dcBERMEMBERSHIP Vereinfachen Sie die Art und Weise, wie Sie Ihr Fitnessstudio betreiben. Lassen Sie sich und Ihre Kunden auf das Wesentliche konzentrieren. Verschwenden Sie keine Stunden mehr mit der komplexen [&hellip;]<\/p>\n","protected":false},"author":1,"featured_media":0,"parent":0,"menu_order":0,"comment_status":"closed","ping_status":"closed","template":"","meta":{"_uag_custom_page_level_css":"","site-sidebar-layout":"default","site-content-layout":"page-builder","ast-site-content-layout":"full-width-container","site-content-style":"unboxed","site-sidebar-style":"unboxed","ast-global-header-display":"","ast-banner-title-visibility":"","ast-main-header-display":"","ast-hfb-above-header-display":"","ast-hfb-below-header-display":"","ast-hfb-mobile-header-display":"","site-post-title":"disabled","ast-breadcrumbs-content":"","ast-featured-img":"","footer-sml-layout":"","theme-transparent-header-meta":"enabled","adv-header-id-meta":"","stick-header-meta":"","header-above-stick-meta":"","header-main-stick-meta":"","header-below-stick-meta":"","astra-migrate-meta-layouts":"default","ast-page-background-enabled":"default","ast-page-background-meta":{"desktop":{"background-color":"","background-image":"","background-repeat":"repeat","background-position":"center center","background-size":"auto","background-attachment":"scroll","background-type":"","background-media":"","overlay-type":"","overlay-color":"","overlay-opacity":"","overlay-gradient":""},"tablet":{"background-color":"","background-image":"","background-repeat":"repeat","background-position":"center center","background-size":"auto","background-attachment":"scroll","background-type":"","background-media":"","overlay-type":"","overlay-color":"","overlay-opacity":"","overlay-gradient":""},"mobile":{"background-color":"","background-image":"","background-repeat":"repeat","background-position":"center center","background-size":"auto","background-attachment":"scroll","background-type":"","background-media":"","overlay-type":"","overlay-color":"","overlay-opacity":"","overlay-gradient":""}},"ast-content-background-meta":{"desktop":{"background-color":"var(--ast-global-color-5)","background-image":"","background-repeat":"repeat","background-position":"center center","background-size":"auto","background-attachment":"scroll","background-type":"","background-media":"","overlay-type":"","overlay-color":"","overlay-opacity":"","overlay-gradient":""},"tablet":{"background-color":"var(--ast-global-color-5)","background-image":"","background-repeat":"repeat","background-position":"center center","background-size":"auto","background-attachment":"scroll","background-type":"","background-media":"","overlay-type":"","overlay-color":"","overlay-opacity":"","overlay-gradient":""},"mobile":{"background-color":"var(--ast-global-color-5)","background-image":"","background-repeat":"repeat","background-position":"center center","background-size":"auto","background-attachment":"scroll","background-type":"","background-media":"","overlay-type":"","overlay-color":"","overlay-opacity":"","overlay-gradient":""}},"footnotes":""},"class_list":["post-5006","page","type-page","status-publish","hentry"],"uagb_featured_image_src":{"full":false,"thumbnail":false,"medium":false,"medium_large":false,"large":false,"1536x1536":false,"2048x2048":false},"uagb_author_info":{"display_name":"Andrea","author_link":"https:\/\/www.membership-fitness.com\/de\/author\/andrea\/"},"uagb_comment_info":0,"uagb_excerpt":"BAUEN SIE IHR FITNESSGESCH\u00c4FT AUS Alles in einer einzigen, sauberen Softwarel\u00f6sung, mit der Sie alle administrativen Aufgaben abnehmen und jeden Aspekt Ihres Fitnessgesch\u00e4fts optimieren k\u00f6nnen. \u00dcBERMEMBERSHIP Vereinfachen Sie die Art und Weise, wie Sie Ihr Fitnessstudio betreiben. Lassen Sie sich und Ihre Kunden auf das Wesentliche konzentrieren. Verschwenden Sie keine Stunden mehr mit der komplexen&hellip;","_links":{"self":[{"href":"https:\/\/www.membership-fitness.com\/de\/wp-json\/wp\/v2\/pages\/5006","targetHints":{"allow":["GET"]}}],"collection":[{"href":"https:\/\/www.membership-fitness.com\/de\/wp-json\/wp\/v2\/pages"}],"about":[{"href":"https:\/\/www.membership-fitness.com\/de\/wp-json\/wp\/v2\/types\/page"}],"author":[{"embeddable":true,"href":"https:\/\/www.membership-fitness.com\/de\/wp-json\/wp\/v2\/users\/1"}],"replies":[{"embeddable":true,"href":"https:\/\/www.membership-fitness.com\/de\/wp-json\/wp\/v2\/comments?post=5006"}],"version-history":[{"count":3,"href":"https:\/\/www.membership-fitness.com\/de\/wp-json\/wp\/v2\/pages\/5006\/revisions"}],"predecessor-version":[{"id":5041,"href":"https:\/\/www.membership-fitness.com\/de\/wp-json\/wp\/v2\/pages\/5006\/revisions\/5041"}],"wp:attachment":[{"href":"https:\/\/www.membership-fitness.com\/de\/wp-json\/wp\/v2\/media?parent=5006"}],"curies":[{"name":"wp","href":"https:\/\/api.w.org\/{rel}","templated":true}]}}