{"id":5035,"date":"2023-01-25T11:09:35","date_gmt":"2023-01-25T11:09:35","guid":{"rendered":"https:\/\/www.membership-fitness.com\/zahajeni-zkusebniho-provozu\/"},"modified":"2024-09-26T14:20:45","modified_gmt":"2024-09-26T14:20:45","slug":"zahajeni-zkusebniho-provozu","status":"publish","type":"page","link":"https:\/\/www.membership-fitness.com\/cs\/zahajeni-zkusebniho-provozu\/","title":{"rendered":"Zah\u00e1jen\u00ed zku\u0161ebn\u00edho provozu"},"content":{"rendered":"\n<div class=\"wp-block-uagb-container uagb-block-3c98d2a9 alignfull uagb-is-root-container\"><div class=\"uagb-container-inner-blocks-wrap\">\n<div class=\"wp-block-uagb-container uagb-block-1444ce1f\">\n<div class=\"wp-block-uagb-container uagb-block-80a6683b\">\n<div class=\"wp-block-uagb-advanced-heading uagb-block-2fc8a91d\"><h2 class=\"uagb-heading-text\">SPUS\u0164TE BEZPLATNOU ZKU\u0160EBN\u00cd VERZI<\/h2><\/div>\n\n\n\n<div class=\"wp-block-uagb-advanced-heading uagb-block-58beda98\"><h2 class=\"uagb-heading-text\">\u017d\u00e1dn\u00e9 z\u00e1vazky, \u017e\u00e1dn\u00e9 skryt\u00e9 poplatky, vyzkou\u0161ejte si na\u0161i slu\u017ebu na 30 dn\u00ed zdarma.<\/h2><\/div>\n<\/div>\n<\/div>\n<\/div><\/div>\n\n<div class=\"wp-block-uagb-container uagb-block-82b91989 alignfull uagb-is-root-container\"><div class=\"uagb-container-inner-blocks-wrap\">\n<div class=\"wp-block-uagb-container uagb-block-33067f6e\">\n<div class=\"wp-block-uagb-container uagb-block-c22ec9cc\">\n<div class=\"wp-block-uagb-advanced-heading uagb-block-170f32c2\"><h2 class=\"uagb-heading-text\">Nyn\u00ed si m\u016f\u017eete vyzkou\u0161et v\u0161echny v\u00fdhody na\u0161\u00ed \u010dlensk\u00e9 slu\u017eby na 30 dn\u00ed zcela zdarma. Neexistuj\u00ed \u017e\u00e1dn\u00e9 skryt\u00e9 n\u00e1klady a b\u011bhem zku\u0161ebn\u00ed doby m\u016f\u017eete slu\u017ebu kdykoli zru\u0161it. <\/h2><\/div>\n\n\n\n<div class=\"wp-block-uagb-advanced-heading uagb-block-e18b0f75\"><h2 class=\"uagb-heading-text\">Chcete-li za\u010d\u00edt, jednodu\u0161e si st\u00e1hn\u011bte registra\u010dn\u00ed formul\u00e1\u0159 z n\u00ed\u017ee uveden\u00e9ho odkazu, vypl\u0148te jej a za\u0161lete na adresu <a href=\"mailto:support@membership.com\">support@membership.com<\/a>. Jakmile formul\u00e1\u0159 obdr\u017e\u00edme, za\u0161leme v\u00e1m p\u0159\u00edstupov\u00e9 \u00fadaje! <\/h2><\/div>\n\n\n\n<div class=\"wp-block-uagb-advanced-heading uagb-block-8552708f\"><h2 class=\"uagb-heading-text\"><a href=\"https:\/\/www.membership-fitness.com\/wp-content\/uploads\/2024\/04\/Registration_form_EN_v001.pdf\" target=\"_blank\" rel=\"noreferrer noopener\"><\/a><a href=\"https:\/\/www.membership-fitness.com\/wp-content\/uploads\/2024\/04\/Registration_form_EN_v001.pdf\">St\u00e1hnout registra\u010dn\u00ed formul\u00e1\u0159 EN<\/a><\/h2><\/div>\n\n\n\n<div class=\"wp-block-uagb-advanced-heading uagb-block-18678ea5\"><h2 class=\"uagb-heading-text\"><a href=\"https:\/\/www.membership-fitness.com\/wp-content\/uploads\/2024\/04\/Registration_form_DE_v001.pdf\" target=\"_blank\" rel=\"noreferrer noopener\"><\/a><a href=\"https:\/\/www.membership-fitness.com\/wp-content\/uploads\/2024\/04\/Registration_form_DE_v001.pdf\">St\u00e1hnout registra\u010dn\u00ed formul\u00e1\u0159 DE<\/a><\/h2><\/div>\n\n\n\n<div class=\"wp-block-uagb-advanced-heading uagb-block-f05ece03\"><h2 class=\"uagb-heading-text\">D\u011bkujeme, \u017ee jste si n\u00e1s vybrali. Nem\u016f\u017eeme se do\u010dkat, a\u017e uvid\u00edme, jak \u010dlenstv\u00ed prom\u011bn\u00ed v\u00e1\u0161 podnik! <\/h2><\/div>\n<\/div>\n<\/div>\n<\/div><\/div>\n\n<div class=\"wp-block-uagb-container uagb-block-8ad74f02 alignfull uagb-is-root-container\"><div class=\"uagb-container-inner-blocks-wrap\">\n<div class=\"wp-block-uagb-container uagb-block-3c6abab6\">\n<div class=\"wp-block-uagb-container uagb-block-512f88ec\">\n<div class=\"wp-block-uagb-image aligncenter uagb-block-d5033957 wp-block-uagb-image--layout-default wp-block-uagb-image--effect-static wp-block-uagb-image--align-center\"><figure class=\"wp-block-uagb-image__figure\"><img decoding=\"async\" srcset=\"https:\/\/www.membership-fitness.com\/wp-content\/uploads\/2024\/04\/Homepage_image_03-1.jpg ,https:\/\/www.membership-fitness.com\/wp-content\/uploads\/2024\/04\/Homepage_image_03-1.jpg 780w\" sizes=\"auto, (max-width: 480px) 150px\" src=\"https:\/\/www.membership-fitness.com\/wp-content\/uploads\/2024\/04\/Homepage_image_03-1.jpg\" alt=\"\" class=\"uag-image-4283\" width=\"200\" height=\"200\" title=\"\" loading=\"lazy\"><\/figure><\/div>\n\n\n\n<div class=\"wp-block-uagb-advanced-heading uagb-block-5145ee80\"><h2 class=\"uagb-heading-text\">ST\u00c1LE SI NEJSTE JISTI, ZDA JE MEMBERSHIP PRO VA\u0160I FITNESS FIRMU VHODN\u00c9?<\/h2><\/div>\n\n\n\n<div class=\"wp-block-uagb-advanced-heading uagb-block-3387ee6a\"><h2 class=\"uagb-heading-text\">Objednejte si uk\u00e1zku a zjist\u011bte, jak m\u016f\u017ee na\u0161e slu\u017eba posunout va\u0161e podnik\u00e1n\u00ed na novou \u00farove\u0148!<\/h2><\/div>\n\n\n\n<div class=\"wp-block-uagb-buttons uagb-buttons__outer-wrap uagb-btn__default-btn uagb-btn-tablet__default-btn uagb-btn-mobile__medium-btn uagb-block-603b6dcd\"><div class=\"uagb-buttons__wrap uagb-buttons-layout-wrap\">\n<div class=\"wp-block-uagb-buttons-child uagb-buttons__outer-wrap uagb-block-cb0dcce2 wp-block-button is-style-outline\"><div class=\"uagb-button__wrapper\"><a class=\"uagb-buttons-repeater wp-block-button__link has-background has-text-color\" href=\"https:\/\/demo.membership-fitness.com\/\" onclick=\"return true;\" rel=\"follow noopener\" target=\"_blank\"><div class=\"uagb-button__link\">DEMO KNIHY<\/div><\/a><\/div><\/div>\n<\/div><\/div>\n<\/div>\n<\/div>\n<\/div><\/div>\n","protected":false},"excerpt":{"rendered":"<p>SPUS\u0164TE BEZPLATNOU ZKU\u0160EBN\u00cd VERZI \u017d\u00e1dn\u00e9 z\u00e1vazky, \u017e\u00e1dn\u00e9 skryt\u00e9 poplatky, vyzkou\u0161ejte si na\u0161i slu\u017ebu na 30 dn\u00ed zdarma. Nyn\u00ed si m\u016f\u017eete vyzkou\u0161et v\u0161echny v\u00fdhody na\u0161\u00ed \u010dlensk\u00e9 slu\u017eby na 30 dn\u00ed zcela zdarma. Neexistuj\u00ed \u017e\u00e1dn\u00e9 skryt\u00e9 n\u00e1klady a b\u011bhem zku\u0161ebn\u00ed doby m\u016f\u017eete slu\u017ebu kdykoli zru\u0161it. Chcete-li za\u010d\u00edt, jednodu\u0161e si st\u00e1hn\u011bte registra\u010dn\u00ed formul\u00e1\u0159 z n\u00ed\u017ee uveden\u00e9ho odkazu, vypl\u0148te [&hellip;]<\/p>\n","protected":false},"author":1,"featured_media":0,"parent":0,"menu_order":0,"comment_status":"closed","ping_status":"closed","template":"","meta":{"_uag_custom_page_level_css":"","site-sidebar-layout":"default","site-content-layout":"page-builder","ast-site-content-layout":"","site-content-style":"default","site-sidebar-style":"default","ast-global-header-display":"","ast-banner-title-visibility":"","ast-main-header-display":"","ast-hfb-above-header-display":"","ast-hfb-below-header-display":"","ast-hfb-mobile-header-display":"","site-post-title":"disabled","ast-breadcrumbs-content":"","ast-featured-img":"","footer-sml-layout":"","theme-transparent-header-meta":"enabled","adv-header-id-meta":"","stick-header-meta":"","header-above-stick-meta":"","header-main-stick-meta":"","header-below-stick-meta":"","astra-migrate-meta-layouts":"default","ast-page-background-enabled":"default","ast-page-background-meta":{"desktop":{"background-color":"","background-image":"","background-repeat":"repeat","background-position":"center center","background-size":"auto","background-attachment":"scroll","background-type":"","background-media":"","overlay-type":"","overlay-color":"","overlay-opacity":"","overlay-gradient":""},"tablet":{"background-color":"","background-image":"","background-repeat":"repeat","background-position":"center center","background-size":"auto","background-attachment":"scroll","background-type":"","background-media":"","overlay-type":"","overlay-color":"","overlay-opacity":"","overlay-gradient":""},"mobile":{"background-color":"","background-image":"","background-repeat":"repeat","background-position":"center center","background-size":"auto","background-attachment":"scroll","background-type":"","background-media":"","overlay-type":"","overlay-color":"","overlay-opacity":"","overlay-gradient":""}},"ast-content-background-meta":{"desktop":{"background-color":"var(--ast-global-color-5)","background-image":"","background-repeat":"repeat","background-position":"center center","background-size":"auto","background-attachment":"scroll","background-type":"","background-media":"","overlay-type":"","overlay-color":"","overlay-opacity":"","overlay-gradient":""},"tablet":{"background-color":"var(--ast-global-color-5)","background-image":"","background-repeat":"repeat","background-position":"center center","background-size":"auto","background-attachment":"scroll","background-type":"","background-media":"","overlay-type":"","overlay-color":"","overlay-opacity":"","overlay-gradient":""},"mobile":{"background-color":"var(--ast-global-color-5)","background-image":"","background-repeat":"repeat","background-position":"center center","background-size":"auto","background-attachment":"scroll","background-type":"","background-media":"","overlay-type":"","overlay-color":"","overlay-opacity":"","overlay-gradient":""}},"footnotes":""},"class_list":["post-5035","page","type-page","status-publish","hentry"],"uagb_featured_image_src":{"full":false,"thumbnail":false,"medium":false,"medium_large":false,"large":false,"1536x1536":false,"2048x2048":false},"uagb_author_info":{"display_name":"Andrea","author_link":"https:\/\/www.membership-fitness.com\/cs\/author\/andrea\/"},"uagb_comment_info":0,"uagb_excerpt":"SPUS\u0164TE BEZPLATNOU ZKU\u0160EBN\u00cd VERZI \u017d\u00e1dn\u00e9 z\u00e1vazky, \u017e\u00e1dn\u00e9 skryt\u00e9 poplatky, vyzkou\u0161ejte si na\u0161i slu\u017ebu na 30 dn\u00ed zdarma. Nyn\u00ed si m\u016f\u017eete vyzkou\u0161et v\u0161echny v\u00fdhody na\u0161\u00ed \u010dlensk\u00e9 slu\u017eby na 30 dn\u00ed zcela zdarma. Neexistuj\u00ed \u017e\u00e1dn\u00e9 skryt\u00e9 n\u00e1klady a b\u011bhem zku\u0161ebn\u00ed doby m\u016f\u017eete slu\u017ebu kdykoli zru\u0161it. Chcete-li za\u010d\u00edt, jednodu\u0161e si st\u00e1hn\u011bte registra\u010dn\u00ed formul\u00e1\u0159 z n\u00ed\u017ee uveden\u00e9ho odkazu, vypl\u0148te&hellip;","_links":{"self":[{"href":"https:\/\/www.membership-fitness.com\/cs\/wp-json\/wp\/v2\/pages\/5035","targetHints":{"allow":["GET"]}}],"collection":[{"href":"https:\/\/www.membership-fitness.com\/cs\/wp-json\/wp\/v2\/pages"}],"about":[{"href":"https:\/\/www.membership-fitness.com\/cs\/wp-json\/wp\/v2\/types\/page"}],"author":[{"embeddable":true,"href":"https:\/\/www.membership-fitness.com\/cs\/wp-json\/wp\/v2\/users\/1"}],"replies":[{"embeddable":true,"href":"https:\/\/www.membership-fitness.com\/cs\/wp-json\/wp\/v2\/comments?post=5035"}],"version-history":[{"count":1,"href":"https:\/\/www.membership-fitness.com\/cs\/wp-json\/wp\/v2\/pages\/5035\/revisions"}],"predecessor-version":[{"id":5036,"href":"https:\/\/www.membership-fitness.com\/cs\/wp-json\/wp\/v2\/pages\/5035\/revisions\/5036"}],"wp:attachment":[{"href":"https:\/\/www.membership-fitness.com\/cs\/wp-json\/wp\/v2\/media?parent=5035"}],"curies":[{"name":"wp","href":"https:\/\/api.w.org\/{rel}","templated":true}]}}