{"id":5033,"date":"2022-12-13T04:41:41","date_gmt":"2022-12-13T04:41:41","guid":{"rendered":"https:\/\/www.membership-fitness.com\/stanoveni-cen\/"},"modified":"2024-09-26T14:16:13","modified_gmt":"2024-09-26T14:16:13","slug":"stanoveni-cen","status":"publish","type":"page","link":"https:\/\/www.membership-fitness.com\/cs\/stanoveni-cen\/","title":{"rendered":"Stanoven\u00ed cen"},"content":{"rendered":"\n<div class=\"wp-block-uagb-container uagb-block-24a0198a alignfull uagb-is-root-container\"><div class=\"uagb-container-inner-blocks-wrap\">\n<div class=\"wp-block-uagb-container uag-blocks-common-selector uagb-block-2841c749\">\n<div class=\"wp-block-uagb-container uagb-block-50bd9976\">\n<div class=\"wp-block-uagb-advanced-heading uagb-block-f8256ea9\"><h2 class=\"uagb-heading-text\">CENY<\/h2><\/div>\n\n\n\n<div class=\"wp-block-uagb-advanced-heading uagb-block-a7a89fc7\"><h2 class=\"uagb-heading-text\">Jednoduch\u00e9 ceny, \u017e\u00e1dn\u00e9 skryt\u00e9 poplatky. Vytvo\u0159en\u00ed \u00fa\u010dtu je zcela zdarma. Na\u0161i slu\u017ebu si m\u016f\u017eete vyzkou\u0161et na 30 dn\u00ed.  <\/h2><\/div>\n\n\n\n<div class=\"wp-block-uagb-buttons uagb-buttons__outer-wrap uagb-btn__default-btn uagb-btn-tablet__default-btn uagb-btn-mobile__medium-btn uagb-block-f3492b05\"><div class=\"uagb-buttons__wrap uagb-buttons-layout-wrap\">\n<div class=\"wp-block-uagb-buttons-child uagb-buttons__outer-wrap uagb-block-27ff7cb3 wp-block-button is-style-outline\"><div class=\"uagb-button__wrapper\"><a class=\"uagb-buttons-repeater wp-block-button__link has-background has-text-color\" href=\"https:\/\/www.membership-fitness.com\/start-trial\/\" onclick=\"return true;\" rel=\"follow noopener\" target=\"_self\"><div class=\"uagb-button__link\">ZKU\u0160EBN\u00cd VERZE ZDARMA<\/div><\/a><\/div><\/div>\n\n\n\n<div class=\"wp-block-uagb-buttons-child uagb-buttons__outer-wrap uagb-block-bb3c6578 wp-block-button is-style-outline\"><div class=\"uagb-button__wrapper\"><a class=\"uagb-buttons-repeater wp-block-button__link has-background has-text-color\" href=\"https:\/\/demo.membership-fitness.com\/\" onclick=\"return true;\" rel=\"follow noopener\" target=\"_blank\"><div class=\"uagb-button__link\">DEMO KNIHY<\/div><\/a><\/div><\/div>\n<\/div><\/div>\n<\/div>\n<\/div>\n<\/div><\/div>\n\n<div class=\"wp-block-uagb-container uagb-block-c070b31a alignfull uagb-is-root-container\"><div class=\"uagb-container-inner-blocks-wrap\">\n<div class=\"wp-block-uagb-container uag-blocks-common-selector uagb-block-41d42ef5\">\n<div class=\"wp-block-uagb-container uagb-block-65c2a176\">\n<div class=\"wp-block-uagb-image uagb-block-fb8737d4 wp-block-uagb-image--layout-default wp-block-uagb-image--effect-static wp-block-uagb-image--align-none\"><figure class=\"wp-block-uagb-image__figure\"><img decoding=\"async\" srcset=\"https:\/\/www.membership-fitness.com\/wp-content\/uploads\/2024\/04\/Pricing_page_image_01.png ,https:\/\/www.membership-fitness.com\/wp-content\/uploads\/2024\/04\/Pricing_page_image_01.png 780w, https:\/\/www.membership-fitness.com\/wp-content\/uploads\/2024\/04\/Pricing_page_image_01.png 360w\" sizes=\"auto, (max-width: 480px) 150px\" src=\"https:\/\/www.membership-fitness.com\/wp-content\/uploads\/2024\/04\/Pricing_page_image_01.png\" alt=\"\" class=\"uag-image-4382\" width=\"400\" height=\"580\" title=\"\" loading=\"lazy\"><\/figure><\/div>\n<\/div>\n\n\n\n<div class=\"wp-block-uagb-container uagb-block-dad3c9e8\">\n<div class=\"wp-block-uagb-advanced-heading uagb-block-8a1b7ba8\"><h2 class=\"uagb-heading-text\">V\u010cETN\u011a:<\/h2><\/div>\n\n\n\n<div class=\"wp-block-uagb-icon-list uagb-block-0ecd12a6\"><div class=\"uagb-icon-list__wrap\">\n<div class=\"wp-block-uagb-icon-list-child uagb-block-cdb4d7c9\"><span class=\"uagb-icon-list__source-wrap\"><svg xmlns=\"https:\/\/www.w3.org\/2000\/svg\" viewbox=\"0 0 512 512\"><path d=\"M0 256C0 114.6 114.6 0 256 0C397.4 0 512 114.6 512 256C512 397.4 397.4 512 256 512C114.6 512 0 397.4 0 256zM371.8 211.8C382.7 200.9 382.7 183.1 371.8 172.2C360.9 161.3 343.1 161.3 332.2 172.2L224 280.4L179.8 236.2C168.9 225.3 151.1 225.3 140.2 236.2C129.3 247.1 129.3 264.9 140.2 275.8L204.2 339.8C215.1 350.7 232.9 350.7 243.8 339.8L371.8 211.8z\"><\/path><\/svg><\/span><span class=\"uagb-icon-list__label\">Neomezen\u00fd po\u010det \u010dlen\u016f klubu<\/span><\/div>\n\n\n\n<div class=\"wp-block-uagb-icon-list-child uagb-block-88c88b86\"><span class=\"uagb-icon-list__source-wrap\"><svg xmlns=\"https:\/\/www.w3.org\/2000\/svg\" viewbox=\"0 0 512 512\"><path d=\"M0 256C0 114.6 114.6 0 256 0C397.4 0 512 114.6 512 256C512 397.4 397.4 512 256 512C114.6 512 0 397.4 0 256zM371.8 211.8C382.7 200.9 382.7 183.1 371.8 172.2C360.9 161.3 343.1 161.3 332.2 172.2L224 280.4L179.8 236.2C168.9 225.3 151.1 225.3 140.2 236.2C129.3 247.1 129.3 264.9 140.2 275.8L204.2 339.8C215.1 350.7 232.9 350.7 243.8 339.8L371.8 211.8z\"><\/path><\/svg><\/span><span class=\"uagb-icon-list__label\">Neomezen\u00fd po\u010det \u00fa\u010dt\u016f pro zam\u011bstnance<\/span><\/div>\n\n\n\n<div class=\"wp-block-uagb-icon-list-child uagb-block-4bb8f7df\"><span class=\"uagb-icon-list__source-wrap\"><svg xmlns=\"https:\/\/www.w3.org\/2000\/svg\" viewbox=\"0 0 512 512\"><path d=\"M0 256C0 114.6 114.6 0 256 0C397.4 0 512 114.6 512 256C512 397.4 397.4 512 256 512C114.6 512 0 397.4 0 256zM371.8 211.8C382.7 200.9 382.7 183.1 371.8 172.2C360.9 161.3 343.1 161.3 332.2 172.2L224 280.4L179.8 236.2C168.9 225.3 151.1 225.3 140.2 236.2C129.3 247.1 129.3 264.9 140.2 275.8L204.2 339.8C215.1 350.7 232.9 350.7 243.8 339.8L371.8 211.8z\"><\/path><\/svg><\/span><span class=\"uagb-icon-list__label\">C\u00edlov\u00e1 str\u00e1nka s nab\u00eddkami \u010dlenstv\u00ed<\/span><\/div>\n\n\n\n<div class=\"wp-block-uagb-icon-list-child uagb-block-748232f8\"><span class=\"uagb-icon-list__source-wrap\"><svg xmlns=\"https:\/\/www.w3.org\/2000\/svg\" viewbox=\"0 0 512 512\"><path d=\"M0 256C0 114.6 114.6 0 256 0C397.4 0 512 114.6 512 256C512 397.4 397.4 512 256 512C114.6 512 0 397.4 0 256zM371.8 211.8C382.7 200.9 382.7 183.1 371.8 172.2C360.9 161.3 343.1 161.3 332.2 172.2L224 280.4L179.8 236.2C168.9 225.3 151.1 225.3 140.2 236.2C129.3 247.1 129.3 264.9 140.2 275.8L204.2 339.8C215.1 350.7 232.9 350.7 243.8 339.8L371.8 211.8z\"><\/path><\/svg><\/span><span class=\"uagb-icon-list__label\">V\u0161echny funkce v cen\u011b<\/span><\/div>\n<\/div><\/div>\n\n\n\n<div class=\"wp-block-uagb-buttons uagb-buttons__outer-wrap uagb-btn__default-btn uagb-btn-tablet__default-btn uagb-btn-mobile__medium-btn uagb-block-fe4cae52\"><div class=\"uagb-buttons__wrap uagb-buttons-layout-wrap\">\n<div class=\"wp-block-uagb-buttons-child uagb-buttons__outer-wrap uagb-block-a69bb30f wp-block-button is-style-outline\"><div class=\"uagb-button__wrapper\"><a class=\"uagb-buttons-repeater wp-block-button__link has-background has-text-color\" href=\"https:\/\/www.membership-fitness.com\/start-trial\/\" onclick=\"return true;\" rel=\"follow noopener\" target=\"_self\"><div class=\"uagb-button__link\">ZA\u010c\u00cdN\u00c1ME<\/div><span class=\"uagb-button__icon uagb-button__icon-position-after\"><svg xmlns=\"https:\/\/www.w3.org\/2000\/svg\" viewbox=\"0 0 448 512\"><path d=\"M438.6 278.6l-160 160C272.4 444.9 264.2 448 256 448s-16.38-3.125-22.62-9.375c-12.5-12.5-12.5-32.75 0-45.25L338.8 288H32C14.33 288 .0016 273.7 .0016 256S14.33 224 32 224h306.8l-105.4-105.4c-12.5-12.5-12.5-32.75 0-45.25s32.75-12.5 45.25 0l160 160C451.1 245.9 451.1 266.1 438.6 278.6z\"><\/path><\/svg><\/span><\/a><\/div><\/div>\n<\/div><\/div>\n\n\n\n<div class=\"wp-block-uagb-advanced-heading uagb-block-97350384\"><h2 class=\"uagb-heading-text\">30denn\u00ed zku\u0161ebn\u00ed verze zdarma, mo\u017enost kdykoli zru\u0161it<\/h2><\/div>\n<\/div>\n<\/div>\n<\/div><\/div>\n","protected":false},"excerpt":{"rendered":"<p>CENY Jednoduch\u00e9 ceny, \u017e\u00e1dn\u00e9 skryt\u00e9 poplatky. Vytvo\u0159en\u00ed \u00fa\u010dtu je zcela zdarma. Na\u0161i slu\u017ebu si m\u016f\u017eete vyzkou\u0161et na 30 dn\u00ed. V\u010cETN\u011a: 30denn\u00ed zku\u0161ebn\u00ed verze zdarma, mo\u017enost kdykoli zru\u0161it<\/p>\n","protected":false},"author":1,"featured_media":0,"parent":0,"menu_order":0,"comment_status":"closed","ping_status":"closed","template":"","meta":{"_uag_custom_page_level_css":"","site-sidebar-layout":"default","site-content-layout":"page-builder","ast-site-content-layout":"","site-content-style":"default","site-sidebar-style":"default","ast-global-header-display":"","ast-banner-title-visibility":"","ast-main-header-display":"","ast-hfb-above-header-display":"","ast-hfb-below-header-display":"","ast-hfb-mobile-header-display":"","site-post-title":"disabled","ast-breadcrumbs-content":"","ast-featured-img":"","footer-sml-layout":"","theme-transparent-header-meta":"enabled","adv-header-id-meta":"","stick-header-meta":"","header-above-stick-meta":"","header-main-stick-meta":"","header-below-stick-meta":"","astra-migrate-meta-layouts":"default","ast-page-background-enabled":"default","ast-page-background-meta":{"desktop":{"background-color":"","background-image":"","background-repeat":"repeat","background-position":"center center","background-size":"auto","background-attachment":"scroll","background-type":"","background-media":"","overlay-type":"","overlay-color":"","overlay-opacity":"","overlay-gradient":""},"tablet":{"background-color":"","background-image":"","background-repeat":"repeat","background-position":"center center","background-size":"auto","background-attachment":"scroll","background-type":"","background-media":"","overlay-type":"","overlay-color":"","overlay-opacity":"","overlay-gradient":""},"mobile":{"background-color":"","background-image":"","background-repeat":"repeat","background-position":"center center","background-size":"auto","background-attachment":"scroll","background-type":"","background-media":"","overlay-type":"","overlay-color":"","overlay-opacity":"","overlay-gradient":""}},"ast-content-background-meta":{"desktop":{"background-color":"var(--ast-global-color-5)","background-image":"","background-repeat":"repeat","background-position":"center center","background-size":"auto","background-attachment":"scroll","background-type":"","background-media":"","overlay-type":"","overlay-color":"","overlay-opacity":"","overlay-gradient":""},"tablet":{"background-color":"var(--ast-global-color-5)","background-image":"","background-repeat":"repeat","background-position":"center center","background-size":"auto","background-attachment":"scroll","background-type":"","background-media":"","overlay-type":"","overlay-color":"","overlay-opacity":"","overlay-gradient":""},"mobile":{"background-color":"var(--ast-global-color-5)","background-image":"","background-repeat":"repeat","background-position":"center center","background-size":"auto","background-attachment":"scroll","background-type":"","background-media":"","overlay-type":"","overlay-color":"","overlay-opacity":"","overlay-gradient":""}},"footnotes":""},"class_list":["post-5033","page","type-page","status-publish","hentry"],"uagb_featured_image_src":{"full":false,"thumbnail":false,"medium":false,"medium_large":false,"large":false,"1536x1536":false,"2048x2048":false},"uagb_author_info":{"display_name":"Andrea","author_link":"https:\/\/www.membership-fitness.com\/cs\/author\/andrea\/"},"uagb_comment_info":0,"uagb_excerpt":"CENY Jednoduch\u00e9 ceny, \u017e\u00e1dn\u00e9 skryt\u00e9 poplatky. Vytvo\u0159en\u00ed \u00fa\u010dtu je zcela zdarma. Na\u0161i slu\u017ebu si m\u016f\u017eete vyzkou\u0161et na 30 dn\u00ed. V\u010cETN\u011a: 30denn\u00ed zku\u0161ebn\u00ed verze zdarma, mo\u017enost kdykoli zru\u0161it","_links":{"self":[{"href":"https:\/\/www.membership-fitness.com\/cs\/wp-json\/wp\/v2\/pages\/5033","targetHints":{"allow":["GET"]}}],"collection":[{"href":"https:\/\/www.membership-fitness.com\/cs\/wp-json\/wp\/v2\/pages"}],"about":[{"href":"https:\/\/www.membership-fitness.com\/cs\/wp-json\/wp\/v2\/types\/page"}],"author":[{"embeddable":true,"href":"https:\/\/www.membership-fitness.com\/cs\/wp-json\/wp\/v2\/users\/1"}],"replies":[{"embeddable":true,"href":"https:\/\/www.membership-fitness.com\/cs\/wp-json\/wp\/v2\/comments?post=5033"}],"version-history":[{"count":1,"href":"https:\/\/www.membership-fitness.com\/cs\/wp-json\/wp\/v2\/pages\/5033\/revisions"}],"predecessor-version":[{"id":5034,"href":"https:\/\/www.membership-fitness.com\/cs\/wp-json\/wp\/v2\/pages\/5033\/revisions\/5034"}],"wp:attachment":[{"href":"https:\/\/www.membership-fitness.com\/cs\/wp-json\/wp\/v2\/media?parent=5033"}],"curies":[{"name":"wp","href":"https:\/\/api.w.org\/{rel}","templated":true}]}}