{"id":5029,"date":"2022-12-13T05:56:51","date_gmt":"2022-12-13T05:56:51","guid":{"rendered":"https:\/\/www.membership-fitness.com\/home\/"},"modified":"2024-09-26T14:10:38","modified_gmt":"2024-09-26T14:10:38","slug":"home","status":"publish","type":"page","link":"https:\/\/www.membership-fitness.com\/cs\/","title":{"rendered":"Home"},"content":{"rendered":"\n<div class=\"wp-block-uagb-container uag-blocks-common-selector uagb-block-ceee022f alignfull uagb-is-root-container\"><div class=\"uagb-container-inner-blocks-wrap\">\n<div class=\"wp-block-uagb-container uagb-block-4a5cddb8\">\n<div class=\"wp-block-uagb-container uagb-block-e0e54f47\">\n<div class=\"wp-block-uagb-advanced-heading uagb-block-c5e8c983\"><h2 class=\"uagb-heading-text\">ZVY\u0160TE \u00daROVE\u0147 SV\u00c9HO PODNIK\u00c1N\u00cd V OBLASTI FITNESS<\/h2><\/div>\n\n\n\n<div class=\"wp-block-uagb-advanced-heading uagb-block-dea6af2c\"><h2 class=\"uagb-heading-text\">\u010cist\u00e9 softwarov\u00e9 \u0159e\u0161en\u00ed \u201ev\u0161e v jednom\u201c, kter\u00e9 sni\u017euje administrativn\u00ed n\u00e1ro\u010dnost a zefektiv\u0148uje v\u0161echny aspekty va\u0161eho podnik\u00e1n\u00ed v oblasti fitness.<\/h2><\/div>\n\n\n\n<div class=\"wp-block-uagb-buttons uagb-buttons__outer-wrap uagb-btn__default-btn uagb-btn-tablet__default-btn uagb-btn-mobile__medium-btn uagb-block-d384b375\"><div class=\"uagb-buttons__wrap uagb-buttons-layout-wrap\">\n<div class=\"wp-block-uagb-buttons-child uagb-buttons__outer-wrap uagb-block-bb135f22 wp-block-button is-style-outline\"><div class=\"uagb-button__wrapper\"><a class=\"uagb-buttons-repeater wp-block-button__link has-background has-text-color\" href=\"https:\/\/www.membership-fitness.com\/start-trial\/\" onclick=\"return true;\" rel=\"follow noopener\" target=\"_self\"><div class=\"uagb-button__link\">ZKU\u0160EBN\u00cd VERZE ZDARMA<\/div><\/a><\/div><\/div>\n\n\n\n<div class=\"wp-block-uagb-buttons-child uagb-buttons__outer-wrap uagb-block-c0697eeb wp-block-button is-style-outline\"><div class=\"uagb-button__wrapper\"><a class=\"uagb-buttons-repeater wp-block-button__link has-background has-text-color\" href=\"https:\/\/demo.membership-fitness.com\/\" onclick=\"return true;\" rel=\"follow noopener\" target=\"_blank\"><div class=\"uagb-button__link\">DEMO KNIHY<\/div><\/a><\/div><\/div>\n<\/div><\/div>\n<\/div>\n<\/div>\n<\/div><\/div>\n\n<div class=\"wp-block-uagb-container uag-blocks-common-selector uagb-block-31258d27 alignfull uagb-is-root-container\"><div class=\"uagb-container-inner-blocks-wrap\">\n<div class=\"wp-block-uagb-container uagb-block-f24eeb2c\">\n<div class=\"wp-block-uagb-container uagb-block-465c38dd\">\n<div class=\"wp-block-uagb-advanced-heading uagb-block-32094996\"><h2 class=\"uagb-heading-text\">O<br\/>MEMBERSHIP<\/h2><\/div>\n\n\n\n<div class=\"wp-block-uagb-advanced-heading uagb-block-4062f28e\"><h2 class=\"uagb-heading-text\">Zjednodu\u0161te si veden\u00ed posilovny. Nechte sebe i sv\u00e9 klienty soust\u0159edit se na to, co je d\u016fle\u017eit\u00e9. P\u0159esta\u0148te ztr\u00e1cet hodiny nad slo\u017eit\u00fdm softwarem, kter\u00fd stoj\u00ed majlant. \u010clenstv\u00ed v\u00e1m umo\u017en\u00ed:   <\/h2><\/div>\n\n\n\n<div class=\"wp-block-uagb-advanced-heading uagb-block-bbbd4ec7\"><h2 class=\"uagb-heading-text\">\u2022 z\u00edskat kompletn\u00ed p\u0159ehled o sv\u00fdch klientech<br\/>\u2022 komunikovat s nimi<br\/>\u2022 automatizovat jejich platby<br\/>\u2022 prezentovat sv\u00e9 nab\u00eddky<br\/>\u2022 efektivn\u011b spravovat posilovnu<\/h2><\/div>\n<\/div>\n\n\n\n<div class=\"wp-block-uagb-container uagb-block-3fc19ece\">\n<div class=\"wp-block-uagb-image uagb-block-4990a0be wp-block-uagb-image--layout-default wp-block-uagb-image--effect-static wp-block-uagb-image--align-none\"><figure class=\"wp-block-uagb-image__figure\"><img decoding=\"async\" srcset=\"https:\/\/www.membership-fitness.com\/wp-content\/uploads\/2024\/04\/Homepage_image_01-1-1024x676.png ,https:\/\/www.membership-fitness.com\/wp-content\/uploads\/2024\/04\/Homepage_image_01.png 780w, https:\/\/www.membership-fitness.com\/wp-content\/uploads\/2024\/04\/Homepage_image_01-1.png 360w\" sizes=\"auto, (max-width: 480px) 150px\" src=\"https:\/\/www.membership-fitness.com\/wp-content\/uploads\/2024\/04\/Homepage_image_01-1-1024x676.png\" alt=\"\" class=\"uag-image-4597\" width=\"1024\" height=\"676\" title=\"\" loading=\"lazy\"><\/figure><\/div>\n<\/div>\n<\/div>\n<\/div><\/div>\n\n<div class=\"wp-block-uagb-container uagb-block-ea987848 alignfull uagb-is-root-container\"><div class=\"uagb-container-inner-blocks-wrap\">\n<div class=\"wp-block-uagb-container uag-blocks-common-selector uagb-block-c6103542\">\n<div class=\"wp-block-uagb-container uagb-block-42889c7d\">\n<div class=\"wp-block-uagb-container uagb-block-158996d8\">\n<div class=\"wp-block-uagb-image aligncenter uagb-block-51bb8f83 wp-block-uagb-image--layout-default wp-block-uagb-image--effect-static wp-block-uagb-image--align-center\"><figure class=\"wp-block-uagb-image__figure\"><img decoding=\"async\" srcset=\"https:\/\/www.membership-fitness.com\/wp-content\/uploads\/2024\/04\/Membership_logo_mark_01.png ,https:\/\/www.membership-fitness.com\/wp-content\/uploads\/2024\/04\/Membership_logo_mark_01.png 780w, https:\/\/www.membership-fitness.com\/wp-content\/uploads\/2024\/04\/Membership_logo_mark_01.png 360w\" sizes=\"auto, (max-width: 480px) 150px\" src=\"https:\/\/www.membership-fitness.com\/wp-content\/uploads\/2024\/04\/Membership_logo_mark_01.png\" alt=\"\" class=\"uag-image-4403\" width=\"50\" height=\"50\" title=\"\" loading=\"lazy\"><\/figure><\/div>\n<\/div>\n\n\n\n<div class=\"wp-block-uagb-container uagb-block-03d44438\">\n<div class=\"wp-block-uagb-advanced-heading uagb-block-d677f328\"><h2 class=\"uagb-heading-text\">FUNKCE<\/h2><\/div>\n<\/div>\n<\/div>\n\n\n\n<div class=\"wp-block-uagb-icon-list uagb-block-a55c725e\"><div class=\"uagb-icon-list__wrap\">\n<div class=\"wp-block-uagb-icon-list-child uagb-block-1eb2ff2e\"><span class=\"uagb-icon-list__source-wrap\"><img decoding=\"async\" class=\"uagb-icon-list__source-image\" src=\"https:\/\/www.membership-fitness.com\/wp-content\/uploads\/2023\/01\/Members_icon.png\" width=\"30\" height=\"30\" loading=\"lazy\" alt=\"\"\/><\/span><span class=\"uagb-icon-list__label\">\u010cLENOV\u00c9<\/span><\/div>\n\n\n\n<div class=\"wp-block-uagb-icon-list-child uagb-block-87c99bbb\"><span class=\"uagb-icon-list__source-wrap\"><img decoding=\"async\" class=\"uagb-icon-list__source-image\" src=\"https:\/\/www.membership-fitness.com\/wp-content\/uploads\/2023\/01\/Finances_icon.png\" width=\"30\" height=\"30\" loading=\"lazy\" alt=\"\"\/><\/span><span class=\"uagb-icon-list__label\">FINANCE<\/span><\/div>\n\n\n\n<div class=\"wp-block-uagb-icon-list-child uagb-block-fe136f6c\"><span class=\"uagb-icon-list__source-wrap\"><img decoding=\"async\" class=\"uagb-icon-list__source-image\" src=\"https:\/\/www.membership-fitness.com\/wp-content\/uploads\/2023\/01\/Memberships_icon.png\" width=\"30\" height=\"30\" loading=\"lazy\" alt=\"\"\/><\/span><span class=\"uagb-icon-list__label\">\u010cLENSTV\u00cd<\/span><\/div>\n\n\n\n<div class=\"wp-block-uagb-icon-list-child uagb-block-3b6cfa5f\"><span class=\"uagb-icon-list__source-wrap\"><img decoding=\"async\" class=\"uagb-icon-list__source-image\" src=\"https:\/\/www.membership-fitness.com\/wp-content\/uploads\/2023\/01\/Club_icon.png\" width=\"30\" height=\"30\" loading=\"lazy\" alt=\"\"\/><\/span><span class=\"uagb-icon-list__label\">CLUB<\/span><\/div>\n\n\n\n<div class=\"wp-block-uagb-icon-list-child uagb-block-e8760538\"><span class=\"uagb-icon-list__source-wrap\"><img decoding=\"async\" class=\"uagb-icon-list__source-image\" src=\"https:\/\/www.membership-fitness.com\/wp-content\/uploads\/2023\/01\/Management_icon.png\" width=\"30\" height=\"30\" loading=\"lazy\" alt=\"\"\/><\/span><span class=\"uagb-icon-list__label\">MANAGEMENT<\/span><\/div>\n<\/div><\/div>\n<\/div>\n<\/div><\/div>\n\n<div class=\"wp-block-uagb-container uagb-block-5e42e3e8 alignfull uagb-is-root-container\"><div class=\"uagb-container-inner-blocks-wrap\">\n<div class=\"wp-block-uagb-container uagb-block-2160d0ce\">\n<div class=\"wp-block-uagb-container uagb-block-b3487f9c\">\n<div class=\"wp-block-uagb-image uagb-block-b80cd231 wp-block-uagb-image--layout-default wp-block-uagb-image--effect-static wp-block-uagb-image--align-none\"><figure class=\"wp-block-uagb-image__figure\"><img decoding=\"async\" srcset=\"https:\/\/www.membership-fitness.com\/wp-content\/uploads\/2024\/04\/Homepage_image_02.png ,https:\/\/www.membership-fitness.com\/wp-content\/uploads\/2024\/04\/Homepage_image_02.png 780w, https:\/\/www.membership-fitness.com\/wp-content\/uploads\/2024\/04\/Homepage_image_02-300x255.png 360w\" sizes=\"auto, (max-width: 480px) 150px\" src=\"https:\/\/www.membership-fitness.com\/wp-content\/uploads\/2024\/04\/Homepage_image_02.png\" alt=\"\" class=\"uag-image-4417\" width=\"500\" height=\"850\" title=\"\" loading=\"lazy\"><\/figure><\/div>\n<\/div>\n\n\n\n<div class=\"wp-block-uagb-container uag-blocks-common-selector uagb-block-e9bfe758\">\n<div class=\"wp-block-uagb-advanced-heading uagb-block-e919bad6 uag-blocks-common-selector\" style=\"--z-index-desktop:1;;--z-index-tablet:undefined;;--z-index-mobile:undefined;\"><h2 class=\"uagb-heading-text\">LIGHT<br\/>APP.<br\/>INTUITIVE<br\/>POU\u017dIT\u00cd.<\/h2><\/div>\n\n\n\n<div class=\"wp-block-uagb-advanced-heading uagb-block-5d5d2267 uag-blocks-common-selector\" style=\"--z-index-desktop:5;;--z-index-tablet:undefined;;--z-index-mobile:undefined;\"><h2 class=\"uagb-heading-text\">MEMBERSHIP APP<\/h2><\/div>\n\n\n\n<div class=\"wp-block-uagb-advanced-heading uagb-block-b9893383 uag-blocks-common-selector\" style=\"--z-index-desktop:5;;--z-index-tablet:undefined;;--z-index-mobile:undefined;\"><h2 class=\"uagb-heading-text\">Z\u00e1pis v m\u017eiku, shrom\u00e1\u017ed\u011bn\u00ed platebn\u00edch \u00fadaj\u016f, QR k\u00f3d pro zad\u00e1n\u00ed t\u011blocvi\u010dny a mo\u017enost nahl\u00e1sit probl\u00e9m.<br\/><br\/>Dost na to, abyste sv\u00fdm klient\u016fm poskytli bezprobl\u00e9mov\u00fd z\u00e1\u017eitek z fitness, zv\u00fd\u0161ili m\u00edru udr\u017een\u00ed v posilovn\u011b a z\u00edskali nov\u00e9 \u010dleny.<\/h2><\/div>\n<\/div>\n<\/div>\n<\/div><\/div>\n\n<div class=\"wp-block-uagb-container uagb-block-7dca7f2d alignfull uagb-is-root-container\"><div class=\"uagb-container-inner-blocks-wrap\">\n<div class=\"wp-block-uagb-container uagb-block-6b5d3873\">\n<div class=\"wp-block-uagb-image aligncenter uagb-block-2c9c8edc wp-block-uagb-image--layout-default wp-block-uagb-image--effect-static wp-block-uagb-image--align-center\"><figure class=\"wp-block-uagb-image__figure\"><img decoding=\"async\" srcset=\"https:\/\/www.membership-fitness.com\/wp-content\/uploads\/2024\/04\/Homepage_image_03-1.jpg ,https:\/\/www.membership-fitness.com\/wp-content\/uploads\/2024\/04\/Homepage_image_03-1.jpg 780w\" sizes=\"auto, (max-width: 480px) 150px\" src=\"https:\/\/www.membership-fitness.com\/wp-content\/uploads\/2024\/04\/Homepage_image_03-1.jpg\" alt=\"\" class=\"uag-image-4283\" width=\"200\" height=\"200\" title=\"\" loading=\"lazy\"><\/figure><\/div>\n\n\n\n<div class=\"wp-block-uagb-advanced-heading uagb-block-bd33f5e0\"><h2 class=\"uagb-heading-text\">ST\u00c1LE SI NEJSTE JISTI, ZDA JE MEMBERSHIP PRO VA\u0160I FITNESS FIRMU VHODN\u00c9?<\/h2><\/div>\n\n\n\n<div class=\"wp-block-uagb-advanced-heading uagb-block-1de48be0\"><h2 class=\"uagb-heading-text\">Objednejte si uk\u00e1zku a zjist\u011bte, jak m\u016f\u017ee na\u0161e slu\u017eba posunout va\u0161e podnik\u00e1n\u00ed na novou \u00farove\u0148!<\/h2><\/div>\n\n\n\n<div class=\"wp-block-uagb-buttons uagb-buttons__outer-wrap uagb-btn__default-btn uagb-btn-tablet__default-btn uagb-btn-mobile__medium-btn uagb-block-73b561a7\"><div class=\"uagb-buttons__wrap uagb-buttons-layout-wrap\">\n<div class=\"wp-block-uagb-buttons-child uagb-buttons__outer-wrap uagb-block-3640358f wp-block-button is-style-outline\"><div class=\"uagb-button__wrapper\"><a class=\"uagb-buttons-repeater wp-block-button__link has-background has-text-color\" href=\"https:\/\/demo.membership-fitness.com\/\" onclick=\"return true;\" rel=\"follow noopener\" target=\"_blank\"><div class=\"uagb-button__link\">DEMO KNIHY<\/div><\/a><\/div><\/div>\n<\/div><\/div>\n<\/div>\n<\/div><\/div>\n\n<div class=\"wp-block-uagb-container uagb-block-3c002867 alignfull uagb-is-root-container\"><div class=\"uagb-container-inner-blocks-wrap\">\n<div class=\"wp-block-uagb-container uagb-block-045922c5\">\n<div class=\"wp-block-uagb-container uagb-block-be8ca78b\">\n<div class=\"wp-block-uagb-container uagb-block-682ace5a\">\n<div class=\"wp-block-uagb-advanced-heading uagb-block-1ca91365\"><h2 class=\"uagb-heading-text\">MISSION<\/h2><\/div>\n<\/div>\n\n\n\n<div class=\"wp-block-uagb-advanced-heading uagb-block-0f8d0463\"><h2 class=\"uagb-heading-text\">Mal\u00e1 fitness studia z okol\u00ed \u010dasto nab\u00edzej\u00ed vynikaj\u00edc\u00ed slu\u017eby. P\u0159\u00edli\u0161 mnoho z nich se v\u0161ak pot\u00fdk\u00e1 se slo\u017eit\u00fdm a drah\u00fdm softwarem pro spr\u00e1vu. Nemysl\u00edte si, \u017ee pl\u00fdtv\u00e1n\u00ed \u010dasem a pen\u011bzi je \u0161patn\u00fd za\u010d\u00e1tek pro va\u0161e fitness podnik\u00e1n\u00ed?  <br\/><br\/>Rozhodli jsme se b\u00fdt n\u00e1pomocni t\u011bm z v\u00e1s, kte\u0159\u00ed pr\u00e1v\u011b zalo\u017eili sv\u00e9 t\u011blocvi\u010dny. Ch\u00e1peme, \u017ee va\u0161e rozpo\u010dty jsou napjat\u00e9 a v t\u00e9to f\u00e1zi rozvoje podnik\u00e1n\u00ed je toho na v\u00e1s hodn\u011b. <br\/><br\/>Lehk\u00fd, jednoduch\u00fd, pohodln\u00fd a cenov\u011b dostupn\u00fd n\u00e1stroj pro spr\u00e1vu &#8211; nem\u016f\u017eeme v\u00e1s podpo\u0159it v\u00edc. Jasn\u00fd p\u0159ehled o v\u0161ech klientech a jejich \u010dlenstv\u00ed, financ\u00edch, komunikaci a \u0159\u00edzen\u00ed. Pokryli jsme v\u0161echny hlavn\u00ed oblasti bez zbyte\u010dn\u00fdch dopl\u0148k\u016f, kter\u00e9 by v\u00e1s zpomalovaly.  <\/h2><\/div>\n<\/div>\n\n\n\n<div class=\"wp-block-uagb-container uagb-block-6bdfe87f\">\n<div class=\"wp-block-uagb-image aligncenter uagb-block-65dbc8af wp-block-uagb-image--layout-default wp-block-uagb-image--effect-static wp-block-uagb-image--align-center\"><figure class=\"wp-block-uagb-image__figure\"><img decoding=\"async\" srcset=\"https:\/\/www.membership-fitness.com\/wp-content\/uploads\/2024\/04\/Homepage_image_03.png ,https:\/\/www.membership-fitness.com\/wp-content\/uploads\/2024\/04\/Homepage_image_03.png 780w\" sizes=\"auto, (max-width: 480px) 150px\" src=\"https:\/\/www.membership-fitness.com\/wp-content\/uploads\/2024\/04\/Homepage_image_03.png\" alt=\"\" class=\"uag-image-4450\" width=\"365\" height=\"700\" title=\"\" loading=\"lazy\"><\/figure><\/div>\n<\/div>\n<\/div>\n<\/div><\/div>\n\n<div class=\"wp-block-uagb-container uagb-block-cb94e020 alignfull uagb-is-root-container\"><div class=\"uagb-container-inner-blocks-wrap\">\n<div class=\"wp-block-uagb-advanced-heading uagb-block-3e65f304\"><h2 class=\"uagb-heading-text\">ZVY\u0160TE \u00daROVE\u0147 SV\u00c9 POSILOVNY<\/h2><\/div>\n\n\n\n<div class=\"wp-block-uagb-advanced-heading uagb-block-623ced7a\"><h2 class=\"uagb-heading-text\">Zefektivn\u011bte sv\u00e9 podnik\u00e1n\u00ed.<\/h2><\/div>\n\n\n\n<div class=\"wp-block-uagb-buttons uagb-buttons__outer-wrap uagb-btn__default-btn uagb-btn-tablet__default-btn uagb-btn-mobile__medium-btn uagb-block-19ad1fd3\"><div class=\"uagb-buttons__wrap uagb-buttons-layout-wrap\">\n<div class=\"wp-block-uagb-buttons-child uagb-buttons__outer-wrap uagb-block-d2a501e5 wp-block-button is-style-outline\"><div class=\"uagb-button__wrapper\"><a class=\"uagb-buttons-repeater wp-block-button__link has-background has-text-color\" href=\"https:\/\/www.membership-fitness.com\/start-trial\/\" onclick=\"return true;\" rel=\"follow noopener\" target=\"_self\"><div class=\"uagb-button__link\">za\u010d\u00edt 30denn\u00ed bezplatnou zku\u0161ebn\u00ed verzi<\/div><\/a><\/div><\/div>\n<\/div><\/div>\n<\/div><\/div>\n","protected":false},"excerpt":{"rendered":"<p>ZVY\u0160TE \u00daROVE\u0147 SV\u00c9HO PODNIK\u00c1N\u00cd V OBLASTI FITNESS \u010cist\u00e9 softwarov\u00e9 \u0159e\u0161en\u00ed \u201ev\u0161e v jednom\u201c, kter\u00e9 sni\u017euje administrativn\u00ed n\u00e1ro\u010dnost a zefektiv\u0148uje v\u0161echny aspekty va\u0161eho podnik\u00e1n\u00ed v oblasti fitness. OMEMBERSHIP Zjednodu\u0161te si veden\u00ed posilovny. Nechte sebe i sv\u00e9 klienty soust\u0159edit se na to, co je d\u016fle\u017eit\u00e9. P\u0159esta\u0148te ztr\u00e1cet hodiny nad slo\u017eit\u00fdm softwarem, kter\u00fd stoj\u00ed majlant. \u010clenstv\u00ed v\u00e1m umo\u017en\u00ed: [&hellip;]<\/p>\n","protected":false},"author":1,"featured_media":0,"parent":0,"menu_order":0,"comment_status":"closed","ping_status":"closed","template":"","meta":{"_uag_custom_page_level_css":"","site-sidebar-layout":"default","site-content-layout":"page-builder","ast-site-content-layout":"full-width-container","site-content-style":"unboxed","site-sidebar-style":"unboxed","ast-global-header-display":"","ast-banner-title-visibility":"","ast-main-header-display":"","ast-hfb-above-header-display":"","ast-hfb-below-header-display":"","ast-hfb-mobile-header-display":"","site-post-title":"disabled","ast-breadcrumbs-content":"","ast-featured-img":"","footer-sml-layout":"","theme-transparent-header-meta":"enabled","adv-header-id-meta":"","stick-header-meta":"","header-above-stick-meta":"","header-main-stick-meta":"","header-below-stick-meta":"","astra-migrate-meta-layouts":"default","ast-page-background-enabled":"default","ast-page-background-meta":{"desktop":{"background-color":"","background-image":"","background-repeat":"repeat","background-position":"center center","background-size":"auto","background-attachment":"scroll","background-type":"","background-media":"","overlay-type":"","overlay-color":"","overlay-opacity":"","overlay-gradient":""},"tablet":{"background-color":"","background-image":"","background-repeat":"repeat","background-position":"center center","background-size":"auto","background-attachment":"scroll","background-type":"","background-media":"","overlay-type":"","overlay-color":"","overlay-opacity":"","overlay-gradient":""},"mobile":{"background-color":"","background-image":"","background-repeat":"repeat","background-position":"center center","background-size":"auto","background-attachment":"scroll","background-type":"","background-media":"","overlay-type":"","overlay-color":"","overlay-opacity":"","overlay-gradient":""}},"ast-content-background-meta":{"desktop":{"background-color":"var(--ast-global-color-5)","background-image":"","background-repeat":"repeat","background-position":"center center","background-size":"auto","background-attachment":"scroll","background-type":"","background-media":"","overlay-type":"","overlay-color":"","overlay-opacity":"","overlay-gradient":""},"tablet":{"background-color":"var(--ast-global-color-5)","background-image":"","background-repeat":"repeat","background-position":"center center","background-size":"auto","background-attachment":"scroll","background-type":"","background-media":"","overlay-type":"","overlay-color":"","overlay-opacity":"","overlay-gradient":""},"mobile":{"background-color":"var(--ast-global-color-5)","background-image":"","background-repeat":"repeat","background-position":"center center","background-size":"auto","background-attachment":"scroll","background-type":"","background-media":"","overlay-type":"","overlay-color":"","overlay-opacity":"","overlay-gradient":""}},"footnotes":""},"class_list":["post-5029","page","type-page","status-publish","hentry"],"uagb_featured_image_src":{"full":false,"thumbnail":false,"medium":false,"medium_large":false,"large":false,"1536x1536":false,"2048x2048":false},"uagb_author_info":{"display_name":"Andrea","author_link":"https:\/\/www.membership-fitness.com\/cs\/author\/andrea\/"},"uagb_comment_info":0,"uagb_excerpt":"ZVY\u0160TE \u00daROVE\u0147 SV\u00c9HO PODNIK\u00c1N\u00cd V OBLASTI FITNESS \u010cist\u00e9 softwarov\u00e9 \u0159e\u0161en\u00ed \u201ev\u0161e v jednom\u201c, kter\u00e9 sni\u017euje administrativn\u00ed n\u00e1ro\u010dnost a zefektiv\u0148uje v\u0161echny aspekty va\u0161eho podnik\u00e1n\u00ed v oblasti fitness. OMEMBERSHIP Zjednodu\u0161te si veden\u00ed posilovny. Nechte sebe i sv\u00e9 klienty soust\u0159edit se na to, co je d\u016fle\u017eit\u00e9. P\u0159esta\u0148te ztr\u00e1cet hodiny nad slo\u017eit\u00fdm softwarem, kter\u00fd stoj\u00ed majlant. \u010clenstv\u00ed v\u00e1m umo\u017en\u00ed:&hellip;","_links":{"self":[{"href":"https:\/\/www.membership-fitness.com\/cs\/wp-json\/wp\/v2\/pages\/5029","targetHints":{"allow":["GET"]}}],"collection":[{"href":"https:\/\/www.membership-fitness.com\/cs\/wp-json\/wp\/v2\/pages"}],"about":[{"href":"https:\/\/www.membership-fitness.com\/cs\/wp-json\/wp\/v2\/types\/page"}],"author":[{"embeddable":true,"href":"https:\/\/www.membership-fitness.com\/cs\/wp-json\/wp\/v2\/users\/1"}],"replies":[{"embeddable":true,"href":"https:\/\/www.membership-fitness.com\/cs\/wp-json\/wp\/v2\/comments?post=5029"}],"version-history":[{"count":1,"href":"https:\/\/www.membership-fitness.com\/cs\/wp-json\/wp\/v2\/pages\/5029\/revisions"}],"predecessor-version":[{"id":5030,"href":"https:\/\/www.membership-fitness.com\/cs\/wp-json\/wp\/v2\/pages\/5029\/revisions\/5030"}],"wp:attachment":[{"href":"https:\/\/www.membership-fitness.com\/cs\/wp-json\/wp\/v2\/media?parent=5029"}],"curies":[{"name":"wp","href":"https:\/\/api.w.org\/{rel}","templated":true}]}}