{"id":5027,"date":"2022-12-13T04:41:41","date_gmt":"2022-12-13T04:41:41","guid":{"rendered":"https:\/\/www.membership-fitness.com\/kontakt\/"},"modified":"2024-09-26T14:02:12","modified_gmt":"2024-09-26T14:02:12","slug":"kontakt","status":"publish","type":"page","link":"https:\/\/www.membership-fitness.com\/cs\/kontakt\/","title":{"rendered":"Kontakt"},"content":{"rendered":"\n<div class=\"wp-block-uagb-container uagb-block-633001e9 alignfull uagb-is-root-container\"><div class=\"uagb-container-inner-blocks-wrap\">\n<div class=\"wp-block-uagb-container uagb-block-c90181c1\">\n<div class=\"wp-block-uagb-container uagb-block-0c6b3cd1\">\n<div class=\"wp-block-uagb-advanced-heading uagb-block-beaea764\"><h2 class=\"uagb-heading-text\">JAK M\u016e\u017dEME POMOCI?<\/h2><\/div>\n\n\n\n<div class=\"wp-block-uagb-advanced-heading uagb-block-b3c0dc5f\"><h2 class=\"uagb-heading-text\">M\u00e1te-li jak\u00e9koli dotazy nebo se chcete dozv\u011bd\u011bt v\u00edce o \u010dlenstv\u00ed, nev\u00e1hejte n\u00e1s kontaktovat.<\/h2><\/div>\n<\/div>\n<\/div>\n<\/div><\/div>\n\n<div class=\"wp-block-uagb-container uagb-block-755047a0 alignfull uagb-is-root-container\"><div class=\"uagb-container-inner-blocks-wrap\">\n<div class=\"wp-block-uagb-container uagb-block-7655ce40\">\n<div class=\"wp-block-uagb-container uagb-block-b6cd8aa6\">\n<div class=\"wpcf7 no-js\" id=\"wpcf7-f5078-o1\" lang=\"cs-CZ\" dir=\"ltr\" data-wpcf7-id=\"5078\">\n<div class=\"screen-reader-response\"><p role=\"status\" aria-live=\"polite\" aria-atomic=\"true\"><\/p> <ul><\/ul><\/div>\n<form action=\"\/cs\/wp-json\/wp\/v2\/pages\/5027#wpcf7-f5078-o1\" method=\"post\" class=\"wpcf7-form init\" aria-label=\"Kontaktn\u00ed formul\u00e1\u0159\" novalidate=\"novalidate\" data-status=\"init\">\n<div style=\"display: none;\">\n<input type=\"hidden\" name=\"_wpcf7\" value=\"5078\" \/>\n<input type=\"hidden\" name=\"_wpcf7_version\" value=\"6.0.4\" \/>\n<input type=\"hidden\" name=\"_wpcf7_locale\" value=\"cs_CZ\" \/>\n<input type=\"hidden\" name=\"_wpcf7_unit_tag\" value=\"wpcf7-f5078-o1\" \/>\n<input type=\"hidden\" name=\"_wpcf7_container_post\" value=\"0\" \/>\n<input type=\"hidden\" name=\"_wpcf7_posted_data_hash\" value=\"\" \/>\n<\/div>\n<p><label> K\u0159estn\u00ed jm\u00e9no*<br \/>\n<span class=\"wpcf7-form-control-wrap\" data-name=\"Firstname\"><input size=\"40\" maxlength=\"400\" class=\"wpcf7-form-control wpcf7-text wpcf7-validates-as-required\" aria-required=\"true\" aria-invalid=\"false\" value=\"\" type=\"text\" name=\"Firstname\" \/><\/span> <\/label>\n<\/p>\n<p><label> P\u0159\u00edjmen\u00ed*<br \/>\n<span class=\"wpcf7-form-control-wrap\" data-name=\"LastName\"><input size=\"40\" maxlength=\"400\" class=\"wpcf7-form-control wpcf7-text wpcf7-validates-as-required\" aria-required=\"true\" aria-invalid=\"false\" value=\"\" type=\"text\" name=\"LastName\" \/><\/span> <\/label>\n<\/p>\n<p><label> E-mail*<br \/>\n<span class=\"wpcf7-form-control-wrap\" data-name=\"Email\"><input size=\"40\" maxlength=\"400\" class=\"wpcf7-form-control wpcf7-email wpcf7-validates-as-required wpcf7-text wpcf7-validates-as-email\" aria-required=\"true\" aria-invalid=\"false\" value=\"\" type=\"email\" name=\"Email\" \/><\/span> <\/label>\n<\/p>\n<p><label> P\u0159edm\u011bt*<br \/>\n<span class=\"wpcf7-form-control-wrap\" data-name=\"Subject\"><input size=\"40\" maxlength=\"400\" class=\"wpcf7-form-control wpcf7-text wpcf7-validates-as-required\" aria-required=\"true\" aria-invalid=\"false\" value=\"\" type=\"text\" name=\"Subject\" \/><\/span> <\/label>\n<\/p>\n<p><label> Va\u0161e zpr\u00e1va<br \/>\n<span class=\"wpcf7-form-control-wrap\" data-name=\"YourMessage\"><textarea cols=\"40\" rows=\"10\" maxlength=\"2000\" class=\"wpcf7-form-control wpcf7-textarea\" aria-invalid=\"false\" name=\"YourMessage\"><\/textarea><\/span> <\/label>\n<\/p>\n<p>Abyste zabr\u00e1nili zas\u00edl\u00e1n\u00ed nevy\u017e\u00e1dan\u00e9 po\u0161ty, odpov\u011bzte pros\u00edm na n\u00ed\u017ee uvedenou ot\u00e1zku. Tento jednoduch\u00fd kv\u00edz n\u00e1m pom\u00e1h\u00e1 zajistit, \u017ee s na\u0161imi str\u00e1nkami komunikuj\u00ed skute\u010dn\u00ed u\u017eivatel\u00e9. D\u011bkujeme v\u00e1m za pochopen\u00ed!\n<\/p>\n<p><span class=\"wpcf7-form-control-wrap\" data-name=\"quiz-972\"><label><span class=\"wpcf7-quiz-label\">3+8?<\/span> <input size=\"40\" class=\"wpcf7-form-control wpcf7-quiz\" autocomplete=\"off\" aria-required=\"true\" aria-invalid=\"false\" type=\"text\" name=\"quiz-972\" \/><\/label><input type=\"hidden\" name=\"_wpcf7_quiz_answer_quiz-972\" value=\"b031bc4b7b4f7868b2a80972ae3b8efe\" \/><\/span>\n<\/p>\n<p><input class=\"wpcf7-form-control wpcf7-submit has-spinner\" type=\"submit\" value=\"Odeslat\" \/>\n<\/p><div class=\"wpcf7-response-output\" aria-hidden=\"true\"><\/div>\n<\/form>\n<\/div>\n\n<\/div>\n<\/div>\n<\/div><\/div>\n","protected":false},"excerpt":{"rendered":"<p>JAK M\u016e\u017dEME POMOCI? M\u00e1te-li jak\u00e9koli dotazy nebo se chcete dozv\u011bd\u011bt v\u00edce o \u010dlenstv\u00ed, nev\u00e1hejte n\u00e1s kontaktovat.<\/p>\n","protected":false},"author":1,"featured_media":0,"parent":0,"menu_order":0,"comment_status":"closed","ping_status":"closed","template":"","meta":{"_uag_custom_page_level_css":"","site-sidebar-layout":"default","site-content-layout":"page-builder","ast-site-content-layout":"","site-content-style":"default","site-sidebar-style":"default","ast-global-header-display":"","ast-banner-title-visibility":"","ast-main-header-display":"","ast-hfb-above-header-display":"","ast-hfb-below-header-display":"","ast-hfb-mobile-header-display":"","site-post-title":"disabled","ast-breadcrumbs-content":"","ast-featured-img":"","footer-sml-layout":"","theme-transparent-header-meta":"enabled","adv-header-id-meta":"","stick-header-meta":"","header-above-stick-meta":"","header-main-stick-meta":"","header-below-stick-meta":"","astra-migrate-meta-layouts":"default","ast-page-background-enabled":"default","ast-page-background-meta":{"desktop":{"background-color":"","background-image":"","background-repeat":"repeat","background-position":"center center","background-size":"auto","background-attachment":"scroll","background-type":"","background-media":"","overlay-type":"","overlay-color":"","overlay-opacity":"","overlay-gradient":""},"tablet":{"background-color":"","background-image":"","background-repeat":"repeat","background-position":"center center","background-size":"auto","background-attachment":"scroll","background-type":"","background-media":"","overlay-type":"","overlay-color":"","overlay-opacity":"","overlay-gradient":""},"mobile":{"background-color":"","background-image":"","background-repeat":"repeat","background-position":"center center","background-size":"auto","background-attachment":"scroll","background-type":"","background-media":"","overlay-type":"","overlay-color":"","overlay-opacity":"","overlay-gradient":""}},"ast-content-background-meta":{"desktop":{"background-color":"var(--ast-global-color-5)","background-image":"","background-repeat":"repeat","background-position":"center center","background-size":"auto","background-attachment":"scroll","background-type":"","background-media":"","overlay-type":"","overlay-color":"","overlay-opacity":"","overlay-gradient":""},"tablet":{"background-color":"var(--ast-global-color-5)","background-image":"","background-repeat":"repeat","background-position":"center center","background-size":"auto","background-attachment":"scroll","background-type":"","background-media":"","overlay-type":"","overlay-color":"","overlay-opacity":"","overlay-gradient":""},"mobile":{"background-color":"var(--ast-global-color-5)","background-image":"","background-repeat":"repeat","background-position":"center center","background-size":"auto","background-attachment":"scroll","background-type":"","background-media":"","overlay-type":"","overlay-color":"","overlay-opacity":"","overlay-gradient":""}},"footnotes":""},"class_list":["post-5027","page","type-page","status-publish","hentry"],"uagb_featured_image_src":{"full":false,"thumbnail":false,"medium":false,"medium_large":false,"large":false,"1536x1536":false,"2048x2048":false},"uagb_author_info":{"display_name":"Andrea","author_link":"https:\/\/www.membership-fitness.com\/cs\/author\/andrea\/"},"uagb_comment_info":0,"uagb_excerpt":"JAK M\u016e\u017dEME POMOCI? M\u00e1te-li jak\u00e9koli dotazy nebo se chcete dozv\u011bd\u011bt v\u00edce o \u010dlenstv\u00ed, nev\u00e1hejte n\u00e1s kontaktovat.","_links":{"self":[{"href":"https:\/\/www.membership-fitness.com\/cs\/wp-json\/wp\/v2\/pages\/5027","targetHints":{"allow":["GET"]}}],"collection":[{"href":"https:\/\/www.membership-fitness.com\/cs\/wp-json\/wp\/v2\/pages"}],"about":[{"href":"https:\/\/www.membership-fitness.com\/cs\/wp-json\/wp\/v2\/types\/page"}],"author":[{"embeddable":true,"href":"https:\/\/www.membership-fitness.com\/cs\/wp-json\/wp\/v2\/users\/1"}],"replies":[{"embeddable":true,"href":"https:\/\/www.membership-fitness.com\/cs\/wp-json\/wp\/v2\/comments?post=5027"}],"version-history":[{"count":1,"href":"https:\/\/www.membership-fitness.com\/cs\/wp-json\/wp\/v2\/pages\/5027\/revisions"}],"predecessor-version":[{"id":5028,"href":"https:\/\/www.membership-fitness.com\/cs\/wp-json\/wp\/v2\/pages\/5027\/revisions\/5028"}],"wp:attachment":[{"href":"https:\/\/www.membership-fitness.com\/cs\/wp-json\/wp\/v2\/media?parent=5027"}],"curies":[{"name":"wp","href":"https:\/\/api.w.org\/{rel}","templated":true}]}}